{"id":688,"date":"2017-07-23T18:10:53","date_gmt":"2017-07-23T16:10:53","guid":{"rendered":"http:\/\/www.gesamusic.at\/?page_id=688"},"modified":"2017-07-24T22:28:57","modified_gmt":"2017-07-24T20:28:57","slug":"zithermusik","status":"publish","type":"page","link":"http:\/\/gesamusic.at\/Wordpress\/katalog\/zithermusik\/","title":{"rendered":"Zithermusik"},"content":{"rendered":"<p>&nbsp;<\/p>\n<div class=\"display-posts-listing\"><div class=\"listing-item\"><div class=\"content\"><table width=\"100%\">\n<tbody>\n<tr>\n<td width=\"250\">\u00a0<img decoding=\"async\" class=\"size-full wp-image-990 aligncenter\" src=\"http:\/\/gesamusic.at\/Wordpress\/wp-content\/uploads\/2010\/04\/Booklet.jpg\" width=\"200\" \/><\/p>\n<p style=\"text-align: center;\">CD 40279<\/p>\n<\/td>\n<td>\n<p style=\"text-align: justify;\"><strong>Das Beste &#8211; Jubil\u00e4umsausgabe<br \/>\n<\/strong>BEI DORFWIRT &#8211; MONDNACHT AN DER DONAU &#8211; CAPPRICCIO &#8211; DIE SPIELUHR &#8211; DIE LUSTIGE ZITHER &#8211; ERNA &#8211; EVELINE &#8211; BALLETTT\u00c4NZERIN &#8211; IM 11ER HAUS &#8211; SCH\u00d6NE FRAUEN &#8211; ERINNERUNGEN AN ANTON KARAS &#8211; AN DER ERLAUF &#8211; AUF GEHTS &#8211; SEHNSUCHT &#8211; DER WEG ZUM HERZEN &#8211; MIR SEIN DIE KAISERJ\u00c4GER &#8211; HARRY LIME THEMA &#8211; CAF\u00c9 MOZART WALTZ &#8211; DEUTSCHMEISTER REGIMENTS-MARSCH &#8211; TEMPO DER ZEIT<\/p>\n<p style=\"text-align: justify;\">\n<\/td>\n<\/tr>\n<\/tbody>\n<\/table>\n<\/div><\/div><div class=\"listing-item\"><div class=\"content\"><table width=\"100%\">\n<tbody>\n<tr>\n<td width=\"250\">\n<p style=\"text-align: center;\">\u00a0<img loading=\"lazy\" decoding=\"async\" class=\"alignnone size-thumbnail wp-image-1773\" src=\"http:\/\/gesamusic.at\/Wordpress\/wp-content\/uploads\/2021\/02\/241-200x200.jpg\" alt=\"\" width=\"200\" height=\"200\" srcset=\"http:\/\/gesamusic.at\/Wordpress\/wp-content\/uploads\/2021\/02\/241-200x200.jpg 200w, http:\/\/gesamusic.at\/Wordpress\/wp-content\/uploads\/2021\/02\/241.jpg 236w\" sizes=\"(max-width: 200px) 100vw, 200px\" \/><\/p>\n<p style=\"text-align: center;\">CD 40241<\/p>\n<\/td>\n<td>\n<p style=\"text-align: justify;\"><strong>ALFRED BUCHBAUER<\/strong><\/p>\n<p style=\"text-align: justify;\"><strong>Zither-Perlen<\/strong><strong><br \/>\n<\/strong>AUF GEHTS &#8211; HARRY LIME THEMA (Der dritte Mann) &#8211; GESCHICHTEN AUS DEM WIENERWALD &#8211; MORGEN AM TRAUNSEE &#8211; HERZENSGR\u00dcSSE &#8211; BUBIK\u00d6PFERLN &#8211; BALLETTT\u00c4NZERIN &#8211; DIE SINGENDE ZITHER &#8211; AM KAMIN &#8211; TIROLER STANDSCH\u00dcTZENMARSCH &#8211; DER WEG ZUM HERZEN &#8211; ZITHERFREUNDEMARSCH &#8211; ABEND AM TRAUNSEE &#8211; SEHNSUCHT &#8211; TEMPO DER ZEIT<\/p>\n<\/td>\n<\/tr>\n<\/tbody>\n<\/table>\n<\/div><\/div><div class=\"listing-item\"><div class=\"content\"><table width=\"100%\">\n<tbody>\n<tr>\n<td width=\"250\">\n<p style=\"text-align: center;\">\u00a0<img loading=\"lazy\" decoding=\"async\" class=\"alignnone size-thumbnail wp-image-2270\" src=\"http:\/\/gesamusic.at\/Wordpress\/wp-content\/uploads\/2009\/08\/160-200x200.jpg\" alt=\"\" width=\"200\" height=\"200\" srcset=\"http:\/\/gesamusic.at\/Wordpress\/wp-content\/uploads\/2009\/08\/160-200x200.jpg 200w, http:\/\/gesamusic.at\/Wordpress\/wp-content\/uploads\/2009\/08\/160.jpg 237w\" sizes=\"(max-width: 200px) 100vw, 200px\" \/><\/p>\n<p style=\"text-align: center;\">CD 40160<\/p>\n<\/td>\n<td>\n<p style=\"text-align: justify;\"><strong>ALFRED BUCHBAUER<\/strong><\/p>\n<p style=\"text-align: justify;\"><strong>Zithergr\u00fc\u00dfe aus der Wachau<\/strong><strong><br \/>\n<\/strong>WACHAU, WACHAU, DU TR\u00c4UMERIN &#8211; FEUERT LOS &#8211; AN DER DONAU, WENN DER WEIN BL\u00dcHT &#8211; DIE LUSTIGE ZITHER &#8211; DA DRAUSSEN IN DER WACHAU &#8211; SCH\u00d6NE FRAUEN &#8211; DIE SPIELUHR &#8211; CAPPRICCIO &#8211; MARIANDL &#8211; ERINNERUNGEN AN ANTON KARAS &#8211; CAF\u00c9 MOZART WALTZ &#8211; DEUTSCHMEISTER REGIMENTSMARSCH &#8211; \u00dcBER DEN WELLEN &#8211; HARRY LIME THEMA (Der dritte Mann)<\/p>\n<\/td>\n<\/tr>\n<\/tbody>\n<\/table>\n<\/div><\/div><div class=\"listing-item\"><div class=\"content\"><table width=\"100%\">\n<tbody>\n<tr>\n<td width=\"250\">\n<p style=\"text-align: center;\">\u00a0<img loading=\"lazy\" decoding=\"async\" class=\"alignnone size-thumbnail wp-image-1855\" src=\"http:\/\/gesamusic.at\/Wordpress\/wp-content\/uploads\/2021\/02\/156-200x200.jpg\" alt=\"\" width=\"200\" height=\"200\" srcset=\"http:\/\/gesamusic.at\/Wordpress\/wp-content\/uploads\/2021\/02\/156-200x200.jpg 200w, http:\/\/gesamusic.at\/Wordpress\/wp-content\/uploads\/2021\/02\/156.jpg 237w\" sizes=\"(max-width: 200px) 100vw, 200px\" \/><\/p>\n<p style=\"text-align: center;\">CD 40156<\/p>\n<\/td>\n<td>\n<p style=\"text-align: justify;\"><strong>TONI H\u00d6LLER<\/strong><\/p>\n<p style=\"text-align: justify;\"><strong>Klassiker, Volkslieder, Heurigenlieder ua.<\/strong><strong><br \/>\n<\/strong>KLASSIKER-MEDLEY: Marsch aus \u201cFledermaus\u201d-Toselli Serenade -Menuett aus der Oper \u201cDon Juan\u201d-Eine kleine Nachtmusik &#8211; Walzer aus \u201cWiener Blut\u201d &#8211; \u00a0In mir klingt ein Lied &#8211; Memory aus \u201cCats\u201d &#8211; Dichter und Bauer &#8211; Leichte Kavallerie &#8211; Barcarole aus \u201cHoffmanns Erz\u00e4hlungen\u201d -Marsch aus \u201cDer Bettelstudent\u201d &#8211;\u00a0Walzer aus \u201cDer Zigeunerbaron\u201d &#8211; Die Forelle &#8211; Letzte Rose aus der Oper \u201cMartha\u201d\u00a0 &#8211; MOSTARRICHI LIAD &#8211; DER DRITTE MANN &#8211; MOSTPRESSPOLKA &#8211; FERSCHNITZER LIAD &#8211; IN DIE BERG BIN I GERN &#8211; u.v.a.<\/p>\n<\/td>\n<\/tr>\n<\/tbody>\n<\/table>\n<\/div><\/div><div class=\"listing-item\"><div class=\"content\"><table width=\"100%\">\n<tbody>\n<tr>\n<td width=\"250\">\n<p style=\"text-align: center;\">\u00a0<img loading=\"lazy\" decoding=\"async\" class=\"alignnone size-thumbnail wp-image-1620\" src=\"http:\/\/gesamusic.at\/Wordpress\/wp-content\/uploads\/2019\/01\/60-200x200.jpg\" alt=\"\" width=\"200\" height=\"200\" srcset=\"http:\/\/gesamusic.at\/Wordpress\/wp-content\/uploads\/2019\/01\/60-200x200.jpg 200w, http:\/\/gesamusic.at\/Wordpress\/wp-content\/uploads\/2019\/01\/60.jpg 237w\" sizes=\"(max-width: 200px) 100vw, 200px\" \/><\/p>\n<p style=\"text-align: center;\">CD 40060<\/p>\n<\/td>\n<td>\n<p style=\"text-align: justify;\"><strong>ALFRED BUCHBAUER<\/strong><\/p>\n<p style=\"text-align: justify;\"><strong>Zitherkl\u00e4nge<\/strong><strong><br \/>\n<\/strong>IM ERLAUFTAL &#8211; ROSENBL\u00c4TTER WALZER &#8211; ERNA &#8211; AUF NACH TRAISEN &#8211; AULD LONG SYNE &#8211; AUF GEHT\u2019S &#8211; EDELWEISS &#8211; SCH\u00d6NE FRAUEN &#8211; POTPOURRI &#8211; ERINNERUNG AN LACKENHOF &#8211; DEUTSCHMEISTER REGIMENTSMARSCH &#8211; ERINNER-UNGEN AN ANTON KARAS &#8211; HAUSHAMMER L\u00c4NDLER &#8211; LUNZER MARSCH<\/p>\n<\/td>\n<\/tr>\n<\/tbody>\n<\/table>\n<\/div><\/div><div class=\"listing-item\"><div class=\"content\"><table width=\"100%\">\n<tbody>\n<tr>\n<td width=\"250\">\n<p style=\"text-align: center;\">\u00a0<img loading=\"lazy\" decoding=\"async\" class=\"alignnone size-thumbnail wp-image-1942\" src=\"http:\/\/gesamusic.at\/Wordpress\/wp-content\/uploads\/2021\/02\/32-200x200.jpg\" alt=\"\" width=\"200\" height=\"200\" srcset=\"http:\/\/gesamusic.at\/Wordpress\/wp-content\/uploads\/2021\/02\/32-200x200.jpg 200w, http:\/\/gesamusic.at\/Wordpress\/wp-content\/uploads\/2021\/02\/32.jpg 237w\" sizes=\"(max-width: 200px) 100vw, 200px\" \/><\/p>\n<p style=\"text-align: center;\">CD 40032<\/p>\n<\/td>\n<td>\n<p style=\"text-align: justify;\"><strong>ALFRED BUCHBAUER<\/strong><\/p>\n<p style=\"text-align: justify;\"><strong>Musik aus \u00d6sterreich<\/strong><strong><br \/>\n<\/strong>HEUT&#8216; KOMMEN D&#8216; ENGERL\u00a0\u00a0 AUF URLAUB NACH WEAN &#8211; WIEN, WIEN, NUR DU ALLEIN &#8211; IM 11ER-HAUS &#8211; MONDNACHT AN DER DONAU &#8211; HARRY LIME THEMA (Der dritte Mann) &#8211; WIEN BLEIBT WIEN &#8211; ZWEI FIEDLN, A KLAMPFN &#8211; DRUNT IN DER LOBAU &#8211; AUF INS \u00d6TSCHERLAND &#8211; SENNERINS SEHNSUCHT NACH DER ALM &#8211; SCHNEEWALZER &#8211; MIR SEIN DIE KAISERJ\u00c4GER<\/p>\n<\/td>\n<\/tr>\n<\/tbody>\n<\/table>\n<\/div><\/div><div class=\"listing-item\"><div class=\"content\"><table width=\"100%\">\n<tbody>\n<tr>\n<td width=\"250\">\n<p style=\"text-align: center;\"><img loading=\"lazy\" decoding=\"async\" class=\"alignnone size-thumbnail wp-image-2279\" src=\"http:\/\/gesamusic.at\/Wordpress\/wp-content\/uploads\/2009\/08\/22-200x200.jpg\" alt=\"\" width=\"200\" height=\"200\" srcset=\"http:\/\/gesamusic.at\/Wordpress\/wp-content\/uploads\/2009\/08\/22-200x200.jpg 200w, http:\/\/gesamusic.at\/Wordpress\/wp-content\/uploads\/2009\/08\/22-300x300.jpg 300w, http:\/\/gesamusic.at\/Wordpress\/wp-content\/uploads\/2009\/08\/22.jpg 400w\" sizes=\"(max-width: 200px) 100vw, 200px\" \/><\/p>\n<p style=\"text-align: center;\">CD 40022<\/p>\n<\/td>\n<td>\n<p style=\"text-align: justify;\"><strong>TONI H\u00d6LLER<\/strong><\/p>\n<p style=\"text-align: justify;\"><strong>Gr\u00fc\u00df Gott sag ich mit Freuden<\/strong><strong><br \/>\n<\/strong>GR\u00dcSS GOTT SAG ICH MIT FREUDEN &#8211; ECHO AM TRAUNSEE &#8211; HOCHKOGEL POLKA &#8211; TRAUMMELODIE &#8211; WACHAU, WACHAU DU TR\u00c4UMERIN &#8211; HARRY LIME THEMA (Der dritte Mann) &#8211; MIR RAUBT NIX MEI RUAH &#8211; POLKAGR\u00dcSSE AUS FERSCHNITZ &#8211; RAUSCHENDER FERSCHNITZBACH &#8211; DIESE MELODIE F\u00dcR\u2019S LEBEN &#8211; ZITHERSWING IN MOLL &#8211; HAND IN HAND &#8211; ALMGL\u00d6CKERL IDYLLE &#8211; LA MONTANARA &#8211; SO GEHT\u2019S ZUA BEI UNS IN WEAN &#8211; SALZBURGER GLOCKENSPIEL &#8211; ANDACHT BEI DER HUBERTUSKAPELLE &#8211; K\u00d6LBL ALM POLKA uva.<\/p>\n<\/td>\n<\/tr>\n<\/tbody>\n<\/table>\n<\/div><\/div><div class=\"listing-item\"><div class=\"content\"><table width=\"100%\">\n<tbody>\n<tr>\n<td width=\"250\">\n<p style=\"text-align: center;\">\u00a0<img loading=\"lazy\" decoding=\"async\" class=\"alignnone size-thumbnail wp-image-1918\" src=\"http:\/\/gesamusic.at\/Wordpress\/wp-content\/uploads\/2021\/02\/86-200x200.jpg\" alt=\"\" width=\"200\" height=\"200\" srcset=\"http:\/\/gesamusic.at\/Wordpress\/wp-content\/uploads\/2021\/02\/86-200x200.jpg 200w, http:\/\/gesamusic.at\/Wordpress\/wp-content\/uploads\/2021\/02\/86.jpg 237w\" sizes=\"(max-width: 200px) 100vw, 200px\" \/><\/p>\n<p style=\"text-align: center;\">CD 40086<\/p>\n<\/td>\n<td>\n<p style=\"text-align: justify;\"><strong>ALFRED BUCHBAUER<\/strong><\/p>\n<p style=\"text-align: justify;\"><strong>Mondnacht an der Donau<\/strong><strong><br \/>\n<\/strong>BEIM DORFWIRT &#8211; AN DER DONAU WENN DER WEIN BL\u00dcHT &#8211; \u00dcBER DEN WELLEN &#8211; DA DRAUSSEN IN DER WACHAU &#8211; BARCAROLE &#8211; HARRY LIME THEMA (Der dritte Mann) &#8211; WIEN WIRD BEI NACHT ERST SCH\u00d6N &#8211; MONDNACHT AN DER DONAU &#8211; EVELINE &#8211; GRAFEN MENUETT &#8211; AN DER ERLAUF &#8211; ABSCHIED VON DER ALM &#8211; WIEN BLEIBT WIEN<\/p>\n<\/td>\n<\/tr>\n<\/tbody>\n<\/table>\n<\/div><\/div><div class=\"listing-item\"><div class=\"content\"><table width=\"100%\">\n<tbody>\n<tr>\n<td width=\"250\">\n<p style=\"text-align: center;\">\u00a0<img loading=\"lazy\" decoding=\"async\" class=\"alignnone size-thumbnail wp-image-1765\" src=\"http:\/\/gesamusic.at\/Wordpress\/wp-content\/uploads\/2021\/02\/249-200x200.jpg\" alt=\"\" width=\"200\" height=\"200\" srcset=\"http:\/\/gesamusic.at\/Wordpress\/wp-content\/uploads\/2021\/02\/249-200x200.jpg 200w, http:\/\/gesamusic.at\/Wordpress\/wp-content\/uploads\/2021\/02\/249.jpg 236w\" sizes=\"(max-width: 200px) 100vw, 200px\" \/><\/p>\n<p style=\"text-align: center;\">CD 40249<\/p>\n<\/td>\n<td>\n<p style=\"text-align: justify;\"><strong>DIVERSE INTERPRETEN<\/strong><\/p>\n<p style=\"text-align: justify;\"><strong>Ganz \u00d6sterreich zithert<br \/>\n<\/strong>ES HAT GEL\u00c4UTET &#8211; A VERY GOOD YEAR &#8211; NETZWERK &#8211; SPORTIVE &#8211; WAS W\u00c4RE WIEN&#8230; &#8211; CONNY BOARISCHER &#8211; MAMBO XYZ &#8211; AMERICAN MEMORIES &#8211; CAPPRICCIO &#8211; DRAUF UND DRAUF &#8211; LORENAS WALZER &#8211; ZUM LUSTIGEN RADFAHRER &#8211; HAUSFRIED\u2019N &#8211; INTRADA &#8211; SAKURA WALZER &#8211; DIE SPIELUHR &#8211; SPOON BLUES &#8211; DANCING VIOLIN<\/p>\n<\/td>\n<\/tr>\n<\/tbody>\n<\/table>\n<\/div><\/div><div class=\"listing-item\"><div class=\"content\"><table width=\"100%\">\n<tbody>\n<tr>\n<td width=\"250\">\n<p style=\"text-align: center;\">\u00a0<img loading=\"lazy\" decoding=\"async\" class=\"alignnone size-thumbnail wp-image-1782\" src=\"http:\/\/gesamusic.at\/Wordpress\/wp-content\/uploads\/2021\/02\/232-200x200.jpg\" alt=\"\" width=\"200\" height=\"200\" srcset=\"http:\/\/gesamusic.at\/Wordpress\/wp-content\/uploads\/2021\/02\/232-200x200.jpg 200w, http:\/\/gesamusic.at\/Wordpress\/wp-content\/uploads\/2021\/02\/232.jpg 233w\" sizes=\"(max-width: 200px) 100vw, 200px\" \/><\/p>\n<p style=\"text-align: center;\">CD 40232<\/p>\n<\/td>\n<td>\n<p style=\"text-align: justify;\"><strong>DIVERSE INTERPRETEN<\/strong><\/p>\n<p><strong>Zither Perlen<\/strong><\/p>\n<p><span style=\"font-size: smaller;\">IM 11ER HAUS &#8211; DAHOAM &#8211; DEUTSCH-MEISTER REGIMENTSMARSCH &#8211; TRAUMINSPIRATIONEN &#8211; DIE SPIELUHR &#8211; LEBENSFREUDE &#8211; SCH\u00d6NE FRAUEN &#8211; ZITHER DIXILAND &#8211; HARRY LIME THEMA (Der dritte Mann) &#8211; ZUM GL\u00dcCKLICHSEIN AUF DIESER WELT &#8211; CAF\u00c9 MOZART WALTZ &#8211; WANN I A MUSI H\u00d6R &#8211; CAPPRICCIO &#8211; HOCHKOGEL<br \/>\nPOLKA &#8211; AUF INS \u00d6TSCHERLAND &#8211; MARKTBRUNNEN MAZURKA<\/span><\/td>\n<\/tr>\n<\/tbody>\n<\/table>\n<\/div><\/div><\/div>\n","protected":false},"excerpt":{"rendered":"<p>&nbsp;<\/p>\n","protected":false},"author":3,"featured_media":0,"parent":690,"menu_order":0,"comment_status":"closed","ping_status":"closed","template":"","meta":{"footnotes":""},"_links":{"self":[{"href":"http:\/\/gesamusic.at\/Wordpress\/wp-json\/wp\/v2\/pages\/688"}],"collection":[{"href":"http:\/\/gesamusic.at\/Wordpress\/wp-json\/wp\/v2\/pages"}],"about":[{"href":"http:\/\/gesamusic.at\/Wordpress\/wp-json\/wp\/v2\/types\/page"}],"author":[{"embeddable":true,"href":"http:\/\/gesamusic.at\/Wordpress\/wp-json\/wp\/v2\/users\/3"}],"replies":[{"embeddable":true,"href":"http:\/\/gesamusic.at\/Wordpress\/wp-json\/wp\/v2\/comments?post=688"}],"version-history":[{"count":2,"href":"http:\/\/gesamusic.at\/Wordpress\/wp-json\/wp\/v2\/pages\/688\/revisions"}],"predecessor-version":[{"id":846,"href":"http:\/\/gesamusic.at\/Wordpress\/wp-json\/wp\/v2\/pages\/688\/revisions\/846"}],"up":[{"embeddable":true,"href":"http:\/\/gesamusic.at\/Wordpress\/wp-json\/wp\/v2\/pages\/690"}],"wp:attachment":[{"href":"http:\/\/gesamusic.at\/Wordpress\/wp-json\/wp\/v2\/media?parent=688"}],"curies":[{"name":"wp","href":"https:\/\/api.w.org\/{rel}","templated":true}]}}