{"id":678,"date":"2017-07-23T18:07:42","date_gmt":"2017-07-23T16:07:42","guid":{"rendered":"http:\/\/www.gesamusic.at\/?page_id=678"},"modified":"2017-07-24T22:30:50","modified_gmt":"2017-07-24T20:30:50","slug":"oberkrainermusik","status":"publish","type":"page","link":"http:\/\/gesamusic.at\/Wordpress\/katalog\/oberkrainermusik\/","title":{"rendered":"Oberkrainermusik"},"content":{"rendered":"<p>&nbsp;<\/p>\n<div class=\"display-posts-listing\"><div class=\"listing-item\"><div class=\"content\"><table width=\"100%\">\n<tbody>\n<tr>\n<td width=\"250px\"><img decoding=\"async\" class=\"aligncenter\" src=\"http:\/\/gesamusic.at\/Wordpress\/wp-content\/uploads\/2016\/03\/326.jpg\" alt=\"\" width=\"200\" \/><\/p>\n<p style=\"text-align: center;\">CD 40326<\/p>\n<\/td>\n<td><strong>PARTY KRAINER &#8211; 5 Jahre<\/strong><\/p>\n<p><strong>Musikantenleben<\/strong><\/p>\n<p>FLOTT UMI &#8211; MUSIKANTENLEBEN &#8211; FAHRT NACH ZR\u0106E &#8211; IN NAZ SEINA -BESCHWINGT DURCH\u2018S WALDVIERTEL &#8211; OHNE DICH &#8211; NENN ES LIEBE ODER WAHNSINN &#8211; IN DER THERME AMAD\u00c9 &#8211; ICH SCHENK\u2018 DIR HEUT\u2018 DIE STERNE &#8211;\u00a0 BLIND VOR LIEBE &#8211; MIT GEF\u00dcHL &#8211; JOHANNES POLKA &#8211; ICH LIEBE DIE BERGE &#8211; ERINNERUNGEN AN OPA &#8211; ROLI POLKA &#8211; MEIN BESTER FREUND IST DIE MUSIK &#8211; AUF DER AUTOBAHN &#8211; OBERKRAINER SLIVOWITZ<\/td>\n<\/tr>\n<\/tbody>\n<\/table>\n<\/div><\/div><div class=\"listing-item\"><div class=\"content\"><table width=\"100%\">\n<tbody>\n<tr>\n<td width=\"250px\"><img decoding=\"async\" class=\"aligncenter\" src=\"http:\/\/gesamusic.at\/Wordpress\/wp-content\/uploads\/2013\/06\/40305%20Alpenfeuer.jpg\" width=\"200\" \/><\/p>\n<div style=\"text-align: center;\">CD 40305<\/div>\n<\/td>\n<td>\n<p style=\"text-align: justify;\"><strong>ALPENFEUER &#8211; 10 Jahre<\/strong><\/p>\n<p>JUBIL\u00c4UMSPOKA &#8211; AUF DER ALMWIESE &#8211; PINZGAUER NOCKERL &#8211; WEIL&#8217;S BOARISCH SEIN SOLL &#8211; MEINE HARMONIKA &#8211; EIN ENGEL WIE DU &#8211; MIT SCHWUNG INS NEUE JAHR &#8211; MARSCHMEDLEY (Alte Kameraden &#8211; Wien bleibt Wien &#8211; Bozner Bergsteiger) &#8211; GRUSS AUS STEINAKIRCHEN &#8211; MEI REZEPT HOAST BOARISCH &#8211; AM STAMMTISCH &#8211; VON HERZ ZU HERZ &#8211; ZUM DIRNDLTANZ &#8211; AUSTROPOP MEDLEY (Hupf in Gatsch &#8211; Zickt&#8217;s mi &#8211; Havelka &#8211; Schifoan) &#8211; DER ZEIGER DREHT SICH<\/td>\n<\/tr>\n<\/tbody>\n<\/table>\n<\/div><\/div><div class=\"listing-item\"><div class=\"content\"><table width=\"100%\">\n<tbody>\n<tr>\n<td width=\"250px\"><img decoding=\"async\" class=\"aligncenter\" src=\"http:\/\/gesamusic.at\/Wordpress\/wp-content\/uploads\/215.jpg\" width=\"200\" \/><\/p>\n<p style=\"text-align: center;\">CD 40215<\/p>\n<\/td>\n<td>\n<p style=\"text-align: justify;\"><strong>WAIDHOFNER BUAM MIT GERTI, HEIDI <\/strong><strong>UND <\/strong><strong>ORIG. OBERKRAINER ALFI &#8211; Die ganze Welt ist voll Musik<\/strong><\/p>\n<p style=\"text-align: justify;\">DIE GANZE WELT IS VOLL MUSIK &#8211; MEIN SCH\u00d6NER TRACHTENHUT &#8211; GUTEN TAG IHR FREUNDE &#8211; SCH\u00dcTZENFEST IN INNSBRUCK &#8211; DIE JUGENDZEIT GEHT SCHNELL VORBEI &#8211; IHR M\u00c4NNER SEID TOTAL VERR\u00dcCKT &#8211; SCH\u00c4TZCHEN TRAU DICH &#8211; SUPER POLKA &#8211; UNSER ALTES HAUS &#8211; GL\u00dcCK AUF DER ALM &#8211; IN DER POSTOJNA GROTTE &#8211; DU LIEBER DORFSCHMIED &#8211; LUSTIGE MUSIKANTEN &#8211; EIN KLEINES BILD VON MIR &#8211; SRECNO POT<strong><br \/>\n<\/strong><\/p>\n<\/td>\n<\/tr>\n<\/tbody>\n<\/table>\n<\/div><\/div><div class=\"listing-item\"><div class=\"content\"><table width=\"100%\">\n<tbody>\n<tr>\n<td width=\"250px\"><img loading=\"lazy\" decoding=\"async\" class=\"alignnone size-thumbnail wp-image-1797 aligncenter\" src=\"http:\/\/gesamusic.at\/Wordpress\/wp-content\/uploads\/2021\/02\/217-200x200.jpg\" alt=\"\" width=\"200\" height=\"200\" srcset=\"http:\/\/gesamusic.at\/Wordpress\/wp-content\/uploads\/2021\/02\/217-200x200.jpg 200w, http:\/\/gesamusic.at\/Wordpress\/wp-content\/uploads\/2021\/02\/217.jpg 236w\" sizes=\"(max-width: 200px) 100vw, 200px\" \/><\/p>\n<p style=\"text-align: center;\">CD 40217<\/p>\n<\/td>\n<td>\n<p style=\"text-align: justify;\"><strong>ORIGINAL OBERKRAINER ALFI &#8211; Ich bleib Musikant<\/strong><\/p>\n<p style=\"text-align: justify;\">WENN MUSIK ERKLINGT &#8211; PROST, PROST DARAUF &#8211; GUTEN TAG IHR FREUNDE &#8211; SLOVENCI &#8211; H\u00d6R DIE GLOCKEN &#8211; GL\u00dcCK AUF DER ALM &#8211; WANDERN DURCH OBERKRAIN &#8211; SCH\u00c4TZCHEN TRAU DICH &#8211; MUZIKA MUZIKA &#8211; GREMO PO NEVESTO &#8211; IHR M\u00c4NNER SEID TOTAL VERR\u00dcCKT &#8211; HEJA, HEJA &#8211; DIE JUGENDZEIT GEHT SCHNELL VORBEI &#8211; PRAZNUJMO SKUPAJ &#8211; DASS DU DEIN HERZ VERSCHENKST &#8211; OCE VOSCIMO TI &#8211; JA DIE MUSIK IST DA &#8211; ES WAR DER SOMMER &#8211; SRECNO POT &#8211; ICH BLEIB MUSIKANT<\/p>\n<\/td>\n<\/tr>\n<\/tbody>\n<\/table>\n<\/div><\/div><div class=\"listing-item\"><div class=\"content\"><table width=\"100%\">\n<tbody>\n<tr>\n<td width=\"250px\"><img loading=\"lazy\" decoding=\"async\" class=\"alignnone size-thumbnail wp-image-2176 aligncenter\" src=\"http:\/\/gesamusic.at\/Wordpress\/wp-content\/uploads\/2009\/08\/244-200x200.jpg\" alt=\"\" width=\"200\" height=\"200\" srcset=\"http:\/\/gesamusic.at\/Wordpress\/wp-content\/uploads\/2009\/08\/244-200x200.jpg 200w, http:\/\/gesamusic.at\/Wordpress\/wp-content\/uploads\/2009\/08\/244.jpg 236w\" sizes=\"(max-width: 200px) 100vw, 200px\" \/><\/p>\n<p style=\"text-align: center;\">CD 40244<\/p>\n<\/td>\n<td>\n<p style=\"text-align: justify;\"><strong>WAIDHOFNER BUAM &#8211; 30 Jahre &#8211; das Beste<\/strong><\/p>\n<p style=\"text-align: justify;\">WIGEL WOGEL POLKA &#8211; UNSER ALTES HAUS &#8211; IVAN SPIELT AUF &#8211; SCH\u00c4TZCHEN TRAU DICH &#8211; LUSTIGE HOCHZEIT &#8211; DER WIND BRINGT DIR MEIN LIED &#8211; VEDNO ZA VEDNO &#8211; GLOCKEN DER HEIMAT &#8211; TROMPETENSCHWUNG &#8211; DURCH DEN GR\u00dcNEN HAIN &#8211; IHR M\u00c4NNER SEID TOTAL VERR\u00dcCKT &#8211; SING DIR EIN KLEINES LIED &#8211; GL\u00dcCK AUF DER ALM &#8211; WINDM\u00dcHLEN WALZER &#8211; SLOWENISCHE GR\u00dcSSE &#8211; IN DER WEINSCHENKE &#8211; IHR BERGE DER HEIMAT &#8211; MEIN SCH\u00d6NER TRACHTENHUT<\/p>\n<\/td>\n<\/tr>\n<\/tbody>\n<\/table>\n<\/div><\/div><div class=\"listing-item\"><div class=\"content\"><table width=\"100%\">\n<tbody>\n<tr>\n<td width=\"250px\"><img loading=\"lazy\" decoding=\"async\" class=\"alignnone size-thumbnail wp-image-1790 aligncenter\" src=\"http:\/\/gesamusic.at\/Wordpress\/wp-content\/uploads\/2021\/02\/224-200x200.jpg\" alt=\"\" width=\"200\" height=\"200\" srcset=\"http:\/\/gesamusic.at\/Wordpress\/wp-content\/uploads\/2021\/02\/224-200x200.jpg 200w, http:\/\/gesamusic.at\/Wordpress\/wp-content\/uploads\/2021\/02\/224.jpg 234w\" sizes=\"(max-width: 200px) 100vw, 200px\" \/><\/p>\n<p style=\"text-align: center;\">CD 40224<\/p>\n<\/td>\n<td>\n<p style=\"text-align: justify;\"><strong>ALPENFEUER &#8211; Heut&#8216; geb&#8217;n ma Gas<\/strong><strong><br \/>\n<\/strong><strong><br \/>\n<\/strong>GEB\u2019N MA GAS &#8211; ALPENFEUER SPIEL\u2019N HEUT\u2019 AUF &#8211; DICHT AM MORGEN &#8211; SCHAFFI BOARISCHER &#8211; ALPENFEUER POLKA &#8211; IM GEDANKEN IMMER BEI DIR &#8211; F\u00dcR ROMANA &#8211; MONDSCHEIN WALZER &#8211; AKKORDEONFLITZER &#8211; VOM BOARISCH TANZ\u2019N &#8211; WANDER POLKA &#8211; ALPENFEUER SCHUNKELPARADE<\/p>\n<\/td>\n<\/tr>\n<\/tbody>\n<\/table>\n<\/div><\/div><div class=\"listing-item\"><div class=\"content\"><table width=\"100%\">\n<tbody>\n<tr>\n<td width=\"250px\"><img loading=\"lazy\" decoding=\"async\" class=\"alignnone size-thumbnail wp-image-1811 aligncenter\" src=\"http:\/\/gesamusic.at\/Wordpress\/wp-content\/uploads\/2021\/02\/203-200x200.jpg\" alt=\"\" width=\"200\" height=\"200\" srcset=\"http:\/\/gesamusic.at\/Wordpress\/wp-content\/uploads\/2021\/02\/203-200x200.jpg 200w, http:\/\/gesamusic.at\/Wordpress\/wp-content\/uploads\/2021\/02\/203.jpg 236w\" sizes=\"(max-width: 200px) 100vw, 200px\" \/><\/p>\n<p style=\"text-align: center;\">CD 40203<\/p>\n<\/td>\n<td>\n<p style=\"text-align: justify;\"><strong>HEIMATLANDECHO &#8211; Dann erklingen uns&#8217;re Lieder<\/strong><\/p>\n<p style=\"text-align: justify;\">POLKABLUT &#8211; DANN ERKLINGEN UNS\u2019RE LIEDER &#8211; SOMMERTAG AN DER SEINE &#8211; LACH MAL WIEDER &#8211; IM NAMEN DER BERGE &#8211; SOMMERENDE &#8211; BARI BOARI &#8211; WANN DANN DIE MUSI SP\u00dcT\u2019 &#8211; TROMPETENGLANZ &#8211; DIE ZEIT MIT DIR &#8211; SCHLEUDERKURS &#8211; DAS IST MEIN HEIMATLAND &#8211; BALD SCHON&#8230; &#8211; ALTE FREUNDE &#8211; EIN TRAUM AUS MUSIK &#8211; IM SCHWEIZER HOCHLAND &#8211; WANN DIE LIEBE BEGINNT &#8211; EINFACH SO&#8230; &#8211; GEBURTSTAGSZEIT<\/p>\n<\/td>\n<\/tr>\n<\/tbody>\n<\/table>\n<\/div><\/div><div class=\"listing-item\"><div class=\"content\"><table width=\"100%\">\n<tbody>\n<tr>\n<td width=\"250px\"><img loading=\"lazy\" decoding=\"async\" class=\"alignnone size-thumbnail wp-image-1854 aligncenter\" src=\"http:\/\/gesamusic.at\/Wordpress\/wp-content\/uploads\/2021\/02\/157-200x200.jpg\" alt=\"\" width=\"200\" height=\"200\" srcset=\"http:\/\/gesamusic.at\/Wordpress\/wp-content\/uploads\/2021\/02\/157-200x200.jpg 200w, http:\/\/gesamusic.at\/Wordpress\/wp-content\/uploads\/2021\/02\/157.jpg 237w\" sizes=\"(max-width: 200px) 100vw, 200px\" \/><\/p>\n<p style=\"text-align: center;\">CD 40157<\/p>\n<\/td>\n<td>\n<p style=\"text-align: justify;\"><strong>TEXINGTAL MUSIKANTEN &#8211; Frei und ohne Sorgen<\/strong><\/p>\n<p style=\"text-align: justify;\">TONI\u2019S POLKA &#8211; WIR MACHEN DIE NACHT ZUM TAG &#8211; DIE MUSIK EIN LEBEN LANG &#8211; TROMPETENFREUDE &#8211; NENN ES LIEBE ODER WAHNSINN &#8211; MUSIKANTENTR\u00c4UME &#8211; UNS\u2019RE MUSIK, DIE KLINGT &#8211; BARITON REINI &#8211; IMMER GERN BOARISCH TANZEN &#8211; DENK AN DIE SCH\u00d6NE ZEIT &#8211; HARMONIKA ZAUBER &#8211; FRAUENWELT &#8211; FLECK UND FETZEN &#8211; FREI UND OHNE SORGEN &#8211; BLACK OR WHITE<\/p>\n<\/td>\n<\/tr>\n<\/tbody>\n<\/table>\n<\/div><\/div><div class=\"listing-item\"><div class=\"content\"><table width=\"100%\">\n<tbody>\n<tr>\n<td width=\"250px\"><img decoding=\"async\" class=\"aligncenter\" src=\"http:\/\/gesamusic.at\/Wordpress\/wp-content\/uploads\/126.jpg\" width=\"200\" \/><\/p>\n<p style=\"text-align: center;\">CD 40126<\/p>\n<\/td>\n<td>\n<p style=\"text-align: justify;\"><strong>WAIDHOFNER BUAM MIT GERTI &amp; HEIDI (20 Jahre) &#8211; <\/strong><strong>Melodien von Slavko Avsenik<\/strong><\/p>\n<p style=\"text-align: justify;\">GOLDENE OBERKRAINERKL\u00c4NGE &#8211; ERINNERUNG &#8211; WIR SIND JA IMMER LUSTIG &#8211; HALLO, FREUNDE, HALLO &#8211; ICH WART AUF DICH &#8211; WIGEL WOGEL POLKA &#8211; ZU JEDEM FESTE W\u00dcNSCHEN WIR DAS BESTE &#8211; WENN AM SONNTAGABEND DIE DORFMUSIK SPIELT &#8211; HATSCHI POLKA &#8211; HEIMATTR\u00c4UME &#8211; JUBIL\u00c4UMS MARSCH &#8211; GLOCKEN DER HEIMAT &#8211; MEIN SCHATZ, DAS IST EIN J\u00c4GERSMANN &#8211; LEISE RAUSCHT DAS MEER &#8211; ICH DENKE OFT AN SCH\u00d6NE ZEITEN &#8211; DER WIND BRINGT DIR MEIN LIED &#8211; IHR BERGE DER HEIMAT &#8211; LEB WOHL MEIN SCHATZ &#8211; SLOWENISCHE GR\u00dcSSE &#8211; TROMPETENECHO<\/p>\n<\/td>\n<\/tr>\n<\/tbody>\n<\/table>\n<\/div><\/div><div class=\"listing-item\"><div class=\"content\"><table width=\"100%\">\n<tbody>\n<tr>\n<td width=\"250px\"><img loading=\"lazy\" decoding=\"async\" class=\"alignnone size-thumbnail wp-image-1762 aligncenter\" src=\"http:\/\/gesamusic.at\/Wordpress\/wp-content\/uploads\/2021\/02\/264-200x200.jpg\" alt=\"\" width=\"200\" height=\"200\" srcset=\"http:\/\/gesamusic.at\/Wordpress\/wp-content\/uploads\/2021\/02\/264-200x200.jpg 200w, http:\/\/gesamusic.at\/Wordpress\/wp-content\/uploads\/2021\/02\/264.jpg 236w\" sizes=\"(max-width: 200px) 100vw, 200px\" \/><\/p>\n<p style=\"text-align: center;\">CD 40264<\/p>\n<\/td>\n<td>\n<p style=\"text-align: justify;\"><strong>DIVERSE INTERPRETEN &#8211; Oberkrainer Polka Party<\/strong><\/p>\n<p style=\"text-align: justify;\"><span style=\"font-size: smaller;\">HALLO, FREUNDE, HALLO &#8211; WANDER POLKA &#8211; MOCH PLOTZ F\u00dcR DIE MUSI &#8211; IM NAMEN DER BERGE &#8211; SCH\u00d6NE URLAUBSZEIT &#8211; MEIN SCHATZ, DAS IST EIN J\u00c4GERSMANN &#8211; BEIM HINTER-BERGER SEPP &#8211; DER ALPENLAND EXPRESS L\u00c4SST GR\u00dcSSEN &#8211; DANN ERKLINGEN UNS\u2019RE LIEDER &#8211; ALPENFEUER POLKA &#8211; WIR MACHEN DIE NACHT ZUM TAG &#8211; SONNTAG-MORGEN &#8211; MUSIKANTENFIEBER &#8211; TONI\u2019S POLKA &#8211; \u00dcBERALL ERKLINGT MUSIK<\/span><\/p>\n<\/td>\n<\/tr>\n<\/tbody>\n<\/table>\n<\/div><\/div><div class=\"listing-item\"><div class=\"content\"><table width=\"100%\">\n<tbody>\n<tr>\n<td width=\"250px\"><img loading=\"lazy\" decoding=\"async\" class=\"size-thumbnail wp-image-1793 aligncenter\" src=\"http:\/\/gesamusic.at\/Wordpress\/wp-content\/uploads\/2021\/02\/221-200x200.jpg\" alt=\"\" width=\"200\" height=\"200\" srcset=\"http:\/\/gesamusic.at\/Wordpress\/wp-content\/uploads\/2021\/02\/221-200x200.jpg 200w, http:\/\/gesamusic.at\/Wordpress\/wp-content\/uploads\/2021\/02\/221.jpg 236w\" sizes=\"(max-width: 200px) 100vw, 200px\" \/><\/p>\n<p style=\"text-align: center;\">CD 40221<\/p>\n<\/td>\n<td>\n<p style=\"text-align: justify;\"><strong>DIVERSE INTERPRETEN &#8211; Goldene Oberkrainerkl\u00e4nge<\/strong><\/p>\n<p style=\"text-align: justify;\"><span style=\"font-size: smaller;\">IHR M\u00c4NNER SEID TOTAL VERR\u00dcCKT &#8211; DENK AN DIE SCH\u00d6NE ZEIT &#8211; DANN ERKLINGEN UNS\u2019RE LIEDER &#8211; MONDSCHEINWALZER &#8211; SOMMER BOARISCHER &#8211; WENN MUSIKANTEN SPIELEN &#8211; WANN DANN DIE MUSI SP\u00dcT\u2019 &#8211; BARITON REINI &#8211; ZW\u00d6LFELEIT\u2019N G\u2019M\u00dcATLICHKEIT &#8211; DAS IST MEIN HEIMATLAND &#8211; DIE JUGENDZEIT GEHT SCHNELL VORBEI &#8211; FLECK UND FETZEN &#8211; SCH\u00d6NE STUNDEN &#8211; F\u00dcR ROMANA &#8211; GOLDENE OBERKRAINERKL\u00c4NGE<\/span><\/p>\n<\/td>\n<\/tr>\n<\/tbody>\n<\/table>\n<\/div><\/div><div class=\"listing-item\"><div class=\"content\"><table width=\"100%\">\n<tbody>\n<tr>\n<td width=\"250px\"><img loading=\"lazy\" decoding=\"async\" class=\"size-thumbnail wp-image-1852 aligncenter\" src=\"http:\/\/gesamusic.at\/Wordpress\/wp-content\/uploads\/2021\/02\/159-200x200.jpg\" alt=\"\" width=\"200\" height=\"200\" srcset=\"http:\/\/gesamusic.at\/Wordpress\/wp-content\/uploads\/2021\/02\/159-200x200.jpg 200w, http:\/\/gesamusic.at\/Wordpress\/wp-content\/uploads\/2021\/02\/159.jpg 237w\" sizes=\"(max-width: 200px) 100vw, 200px\" \/><\/p>\n<p style=\"text-align: center;\">CD 40159<\/p>\n<\/td>\n<td>\n<p style=\"text-align: justify;\"><strong>DIVERSE INTERPRETEN &#8211; Festival der Oberkrainermusik<\/strong><\/p>\n<p style=\"text-align: justify;\"><span style=\"font-size: smaller;\">TROMPETENSCHWUNG &#8211; DENK AN DIE SCH\u00d6NE ZEIT &#8211; I WECK\u2019 DI AUF MIT MEINER TROMPET\u2019N &#8211; GLOCKEN DER HEIMAT &#8211; BOARISCH POLKA &#8211; BEIM GASSLFEST &#8211; TONI\u2019S POLKA &#8211; WENN DER MORGEN GRAUT &#8211; LOSS MA\u2019S RENNA &#8211; IN DER WEINSCHENKE &#8211; DER BOARISCHE RINDSSCHEDL &#8211; TROMPETENFREUDE &#8211; IN DA LETT\u2019N &#8211; IHR BERGE DER HEIMAT &#8211; RAUSCHENDE W\u00c4LDER &#8211; FALSCHPOLKA &#8211; HEUT\u2019 TREFFEN SICH FREUNDE &#8211; HARMONIKA ZAUBER &#8211; POSAUNEN RENDEZVOUS &#8211; A TANZERL MIT DIR<\/span><\/p>\n<\/td>\n<\/tr>\n<\/tbody>\n<\/table>\n<\/div><\/div><\/div>\n","protected":false},"excerpt":{"rendered":"<p>&nbsp;<\/p>\n","protected":false},"author":3,"featured_media":0,"parent":690,"menu_order":0,"comment_status":"closed","ping_status":"closed","template":"","meta":{"footnotes":""},"_links":{"self":[{"href":"http:\/\/gesamusic.at\/Wordpress\/wp-json\/wp\/v2\/pages\/678"}],"collection":[{"href":"http:\/\/gesamusic.at\/Wordpress\/wp-json\/wp\/v2\/pages"}],"about":[{"href":"http:\/\/gesamusic.at\/Wordpress\/wp-json\/wp\/v2\/types\/page"}],"author":[{"embeddable":true,"href":"http:\/\/gesamusic.at\/Wordpress\/wp-json\/wp\/v2\/users\/3"}],"replies":[{"embeddable":true,"href":"http:\/\/gesamusic.at\/Wordpress\/wp-json\/wp\/v2\/comments?post=678"}],"version-history":[{"count":3,"href":"http:\/\/gesamusic.at\/Wordpress\/wp-json\/wp\/v2\/pages\/678\/revisions"}],"predecessor-version":[{"id":847,"href":"http:\/\/gesamusic.at\/Wordpress\/wp-json\/wp\/v2\/pages\/678\/revisions\/847"}],"up":[{"embeddable":true,"href":"http:\/\/gesamusic.at\/Wordpress\/wp-json\/wp\/v2\/pages\/690"}],"wp:attachment":[{"href":"http:\/\/gesamusic.at\/Wordpress\/wp-json\/wp\/v2\/media?parent=678"}],"curies":[{"name":"wp","href":"https:\/\/api.w.org\/{rel}","templated":true}]}}