{"id":669,"date":"2017-07-23T18:05:12","date_gmt":"2017-07-23T16:05:12","guid":{"rendered":"http:\/\/www.gesamusic.at\/?page_id=669"},"modified":"2017-07-24T22:28:09","modified_gmt":"2017-07-24T20:28:09","slug":"klassik-opereten","status":"publish","type":"page","link":"http:\/\/gesamusic.at\/Wordpress\/katalog\/klassik-opereten\/","title":{"rendered":"Klassik \/ Opereten"},"content":{"rendered":"<p>&nbsp;<\/p>\n<div class=\"display-posts-listing\"><div class=\"listing-item\"><div class=\"content\"><p>&nbsp;<\/p>\n<table style=\"height: 344px;\" width=\"825\">\n<tbody>\n<tr>\n<td width=\"250\"><img loading=\"lazy\" decoding=\"async\" class=\"size-thumbnail wp-image-1426 aligncenter\" src=\"http:\/\/gesamusic.at\/Wordpress\/wp-content\/uploads\/2020\/09\/354-200x200.jpg\" alt=\"\" width=\"200\" height=\"200\" srcset=\"http:\/\/gesamusic.at\/Wordpress\/wp-content\/uploads\/2020\/09\/354-200x200.jpg 200w, http:\/\/gesamusic.at\/Wordpress\/wp-content\/uploads\/2020\/09\/354-300x300.jpg 300w, http:\/\/gesamusic.at\/Wordpress\/wp-content\/uploads\/2020\/09\/354.jpg 400w\" sizes=\"(max-width: 200px) 100vw, 200px\" \/><\/p>\n<p style=\"text-align: center;\">CD 40354<\/p>\n<p style=\"text-align: center;\">\n<\/td>\n<td>\n<h4 style=\"text-align: left;\">HEINZ VON HERMANN &#8211; 25 Jahre Jazz Ahead Quintett<\/h4>\n<h4><strong>THE HEALER &#8211; HALLO PAULCHEN &#8211; MISS PH. AND MISS P. &#8211; STAREYES &#8211; BODY AND SOUL &#8211; RED SNAPPER &#8211; KORN BLUES<\/strong><\/h4>\n<\/td>\n<\/tr>\n<\/tbody>\n<\/table>\n<\/div><\/div><div class=\"listing-item\"><div class=\"content\"><table width=\"100%\">\n<tbody>\n<tr>\n<td width=\"250px\">\n<p style=\"text-align: center;\"><img loading=\"lazy\" decoding=\"async\" class=\"size-full wp-image-985 aligncenter\" src=\"http:\/\/gesamusic.at\/Wordpress\/wp-content\/uploads\/2017\/07\/335.jpg\" alt=\"\" width=\"200\" height=\"200\" \/>CD 40335<\/p>\n<\/td>\n<td><strong>Musikalische Edelsteine aus der Feder von Heinrich Strecker<\/strong><\/p>\n<p style=\"text-align: left;\">ROSEN WALZER &#8211; DRAUSSEN IST FR\u00dcHLING &#8211; DREI ZARTE ROSEN &#8211; EIN LIED AUS DER WACHAU &#8211; ES WAR JA NUR EIN FLIRT &#8211; ES STEHT EIN BANK IM SCH\u00d6NBRUNNERPARK &#8211; SCHMEICHELEI &#8211; SEMIRAMIS &#8211; ALTWIENER T\u00c4NZE &#8211; I BIN A WEANAKIND &#8211; H\u00c4TT MAS NET, SO T\u00c4T MAS NET &#8211; M\u00c4DEL SAG &#8222;IGEN&#8220; &#8211; HEIMAT &#8211; JA JA DER WEIN IST GUT &#8211; DAS IST URWEANERISCH<\/p>\n<p><strong><em>\u00a0<\/em><\/strong><\/td>\n<\/tr>\n<\/tbody>\n<\/table>\n<\/div><\/div><div class=\"listing-item\"><div class=\"content\"><table width=\"100%\">\n<tbody>\n<tr>\n<td style=\"width: 250px;\"><img loading=\"lazy\" decoding=\"async\" class=\"alignnone size-thumbnail wp-image-2152 aligncenter\" src=\"http:\/\/gesamusic.at\/Wordpress\/wp-content\/uploads\/2009\/08\/250-200x200.jpg\" alt=\"\" width=\"200\" height=\"200\" \/><\/p>\n<p style=\"text-align: center;\">CD 40250<\/p>\n<\/td>\n<td>\n<p style=\"text-align: justify;\"><strong>RUDY VODICKA &#8211; <\/strong><strong>Wird mein Name wo genannt<\/strong><\/p>\n<p><span style=\"font-size: smaller;\">FIAKERLIED &#8211; I HAB HALT A FAIBLE F\u00dcR OBER ST. VEIT &#8211; MEI\u2019 MUATERL WAR A WIENERIN &#8211; KINDER SO JUNG KUMM\u2019 MA NIMMERMEHR Z\u2019SAMM &#8211; ICH KN\u00dcPFTE MANCHE ZARTE BANDE &#8211; HEUT\u2019 SCHEINT DIE SONNE IN \u2018S HERZ MIR HINEIN &#8211; WENN NICHT DIE HOFFNUNG W\u00c4R\u2019 &#8211; HEUT\u2019 IST DER SCH\u00d6NSTE TAG IN MEINEM LEBEN &#8211; WENN EINMAL IN FERNEN TAGEN &#8211; SANTA LUCIA &#8211; LA GOLONDRINA &#8211; MAMMA<\/span><\/td>\n<\/tr>\n<\/tbody>\n<\/table>\n<\/div><\/div><div class=\"listing-item\"><div class=\"content\"><table width=\"100%\">\n<tbody>\n<tr>\n<td style=\"width: 250px;\"><img decoding=\"async\" class=\"aligncenter\" src=\"http:\/\/gesamusic.at\/Wordpress\/wp-content\/uploads\/102.jpg\" width=\"200\" \/><\/p>\n<p style=\"text-align: center;\">CD 40102<\/p>\n<\/td>\n<td>\n<p style=\"text-align: justify;\"><strong><span style=\"font-size: smaller;\">DIVERSE INTEPRETEN &#8211; <\/span><\/strong><strong><span style=\"font-size: smaller;\">1000 Jahre \u00d6sterreich, Werke gro\u00dfer Komponisten<\/span><\/strong><\/p>\n<p style=\"text-align: justify;\"><span style=\"font-size: smaller;\">PLAUDITE, SONAT TUBA &#8211; OSTER FANFARE &#8211; PAVANE &#8211; GAILLARDE &#8211; BRANLE DE BOURGOGNE &#8211; AVE MARIA &#8211; MINUETTO &#8211; ANDANTE &#8211; ANDANTINO &#8211; CONTREDANSE &#8211; SONATA PRIMA (Satz 1-5) &#8211; LAUDATE DOMINUM &#8211; CHORALE ST. ANTONI &#8211; PR\u00c4LUDIUM F-Dur, B-Dur, F-Dur, C-Dur &#8211; NACHSPIEL D-moll &#8211; RESPICE IN ME\u00a0 &#8211; KONZERT F\u00dcR 2 TROMPETEN &#8211; ALLEGRO &#8211;\u00a0 LARGO &#8211; ALLEGRO<\/span><\/p>\n<\/td>\n<\/tr>\n<\/tbody>\n<\/table>\n<\/div><\/div><\/div>\n","protected":false},"excerpt":{"rendered":"<p>&nbsp;<\/p>\n","protected":false},"author":3,"featured_media":0,"parent":690,"menu_order":0,"comment_status":"closed","ping_status":"closed","template":"","meta":{"footnotes":""},"_links":{"self":[{"href":"http:\/\/gesamusic.at\/Wordpress\/wp-json\/wp\/v2\/pages\/669"}],"collection":[{"href":"http:\/\/gesamusic.at\/Wordpress\/wp-json\/wp\/v2\/pages"}],"about":[{"href":"http:\/\/gesamusic.at\/Wordpress\/wp-json\/wp\/v2\/types\/page"}],"author":[{"embeddable":true,"href":"http:\/\/gesamusic.at\/Wordpress\/wp-json\/wp\/v2\/users\/3"}],"replies":[{"embeddable":true,"href":"http:\/\/gesamusic.at\/Wordpress\/wp-json\/wp\/v2\/comments?post=669"}],"version-history":[{"count":3,"href":"http:\/\/gesamusic.at\/Wordpress\/wp-json\/wp\/v2\/pages\/669\/revisions"}],"predecessor-version":[{"id":841,"href":"http:\/\/gesamusic.at\/Wordpress\/wp-json\/wp\/v2\/pages\/669\/revisions\/841"}],"up":[{"embeddable":true,"href":"http:\/\/gesamusic.at\/Wordpress\/wp-json\/wp\/v2\/pages\/690"}],"wp:attachment":[{"href":"http:\/\/gesamusic.at\/Wordpress\/wp-json\/wp\/v2\/media?parent=669"}],"curies":[{"name":"wp","href":"https:\/\/api.w.org\/{rel}","templated":true}]}}