{"id":663,"date":"2017-07-23T18:02:42","date_gmt":"2017-07-23T16:02:42","guid":{"rendered":"http:\/\/www.gesamusic.at\/?page_id=663"},"modified":"2017-07-23T18:55:27","modified_gmt":"2017-07-23T16:55:27","slug":"choere","status":"publish","type":"page","link":"http:\/\/gesamusic.at\/Wordpress\/katalog\/choere\/","title":{"rendered":"Ch\u00f6re"},"content":{"rendered":"<p>&nbsp;<\/p>\n<div class=\"display-posts-listing\"><div class=\"listing-item\"><div class=\"content\"><table width=\"100%\">\n<tbody>\n<tr>\n<td width=\"250\"><img decoding=\"async\" class=\"aligncenter\" src=\"http:\/\/gesamusic.at\/Wordpress\/wp-content\/uploads\/2014\/10\/40310-MGV_Ybbs.jpg\" alt=\"\" width=\"200\" \/><\/p>\n<p style=\"text-align: center;\">CD 40310<\/p>\n<\/td>\n<td><strong>MGV YBBS 1850 &#8211; viel stimmiges<\/strong><\/p>\n<p>TWO AND A HALF MEN &#8211; I SCHWING HIN, I SCHWING HER &#8211; CARA MADONNA MIA &#8211; LOCUS ISTE &#8211; IMMERT AMOL &#8211; HEIMWEH &#8211; ADORAMUS TE &#8211; PRI FARNI CERKVICI &#8211; SPANISCHE N\u00c4CHTE &#8211; LA MONTANARA &#8211; VALOSN, VALOSN &#8211; WOLGALIED &#8211; AQUARELO DO BRASIL &#8211; LA LE LU &#8211; FUNICULI, FUNICULA &#8211; SOMETHING STUPID- SCH BUM &#8211; STAND BY ME &#8211; MR. SANDMAN &#8211; BARBRA ANN &#8211; WER HAT AN DER UHR GEDREHT<\/td>\n<\/tr>\n<\/tbody>\n<\/table>\n<\/div><\/div><div class=\"listing-item\"><div class=\"content\"><table width=\"100%\">\n<tbody>\n<tr>\n<td style=\"text-align: center;\" width=\"250\"><img loading=\"lazy\" decoding=\"async\" class=\"alignnone size-thumbnail wp-image-2059\" src=\"http:\/\/gesamusic.at\/Wordpress\/wp-content\/uploads\/2013\/05\/298-200x200.jpg\" alt=\"\" width=\"200\" height=\"200\" \/><br \/>\nCD 40298<\/td>\n<td>\n<p style=\"text-align: justify;\"><strong>M\u00c4NNERGESANGSVEREIN ALPENLAND MARIAZELL<br \/>\nIs schon still uman See<\/strong><\/p>\n<p>ALPERER &#8211; IS SCHON STILL UMAN SEE &#8211; IN A LUSTIGA BUA &#8211; \u00dcBERN TAUERN &#8211; WO SEIN DENN DIE WEGLAN &#8211; WOCHENEND UND SONNENSHEIN &#8211; ZW\u00d6LF R\u00c4UBER &#8211; IN DA M\u00d6LLTALLEITN &#8211; MEI DIANDLE VOM ROSENTAL &#8211; HYMNE AN DIE NACHT &#8211; AV VERUM CORPUS &#8211; SCHIFFERLIED &#8230;&#8230;&#8230;.<\/td>\n<\/tr>\n<\/tbody>\n<\/table>\n<\/div><\/div><div class=\"listing-item\"><div class=\"content\"><table width=\"100%\">\n<tbody>\n<tr>\n<td width=\"250\"><img decoding=\"async\" class=\"aligncenter\" src=\"http:\/\/gesamusic.at\/Wordpress\/wp-content\/uploads\/2010\/03\/277%281%29.jpg\" alt=\"\" width=\"200\" \/><\/p>\n<p style=\"text-align: center;\">CD 40277<\/p>\n<\/td>\n<td>\n<p style=\"text-align: justify;\"><strong>M\u00e4nnerchor Ybbs 1850 &#8211; Jubil\u00e4umsedition<br \/>\n<\/strong><br \/>\nFREI SEI DAS LIED &#8211; DER HAHN VON ONKEL GIACOMETO &#8211; LOCUS ISTE &#8211; YESTERDAY &#8211; HIMALAYA MARSCH &#8211; KUMBAYAH &#8211; JUDGEMENT DAY &#8211; SCHAUGG DA WINTA SCHON EINA &#8211; DU MOND I H\u00c4TT\u2019 A BITT\u2019 AN DI &#8211; OBLADI OBLADA &#8211; DIE NACHT &#8211; TEBE POEM &#8211; JAVA JIVE &#8211; ABENDGLOCKEN &#8211; STILL RUTH DER SEE &#8211; BENIA CALASTORIA &#8211; SIGNORE DELLE CIME &#8211; YES SIR &#8211; OB BLOND, OB BRAUN &#8211; OBE SCHAUGN<\/p>\n<p style=\"text-align: justify;\">\n<\/td>\n<\/tr>\n<\/tbody>\n<\/table>\n<\/div><\/div><div class=\"listing-item\"><div class=\"content\"><table width=\"100%\">\n<tbody>\n<tr>\n<td width=\"250\"><img loading=\"lazy\" decoding=\"async\" class=\"alignnone size-thumbnail wp-image-1842 aligncenter\" src=\"http:\/\/gesamusic.at\/Wordpress\/wp-content\/uploads\/2021\/02\/170-200x200.jpg\" alt=\"\" width=\"200\" height=\"200\" srcset=\"http:\/\/gesamusic.at\/Wordpress\/wp-content\/uploads\/2021\/02\/170-200x200.jpg 200w, http:\/\/gesamusic.at\/Wordpress\/wp-content\/uploads\/2021\/02\/170.jpg 237w\" sizes=\"(max-width: 200px) 100vw, 200px\" \/><\/p>\n<p style=\"text-align: center;\">CD 40170<\/p>\n<\/td>\n<td>\n<p style=\"text-align: justify;\"><strong>M\u00e4nnerchor Alpenland Mariazell &#8211; Lieder f\u00fcr unsere Freunde<\/strong><strong><br \/>\n<\/strong>GR\u00dcASS GOTT SCHNAASN &#8211; DIE POST IM WALDE &#8211; J\u00c4GERSLUST &#8211; WALDK\u00d6NIG &#8211; \u00dcBER D\u00b4ALM HER &#8211; \u00a0MEI JODLER GEHT OBE &#8211; I BIN DA TURLHOFER-\u00a0 \u00a0ICH WEISS EIN FASS&#8230;. &#8211; UNTERN LOATASTEIG &#8211; \u00a0PF\u00dcAT GOTT LIABE ALM &#8211; LANGENWANGER JODLER &#8211; ALPENGRUSS &#8211; DIE HEIMAT &#8211; ICH HAB VON S\u00dcDTIROL GETR\u00c4UMT &#8211; M\u00c4RCHEN &#8211; ABEND AUF DER HEIDE &#8211; GLOCKENGEL\u00c4UTE Basilika Mariazell &#8211; SCH\u00c4FERS SONNTAGSLIED &#8211; ORA PRO NOBIS &#8211; VATER UNSER<\/p>\n<\/td>\n<\/tr>\n<\/tbody>\n<\/table>\n<\/div><\/div><div class=\"listing-item\"><div class=\"content\"><table width=\"100%\">\n<tbody>\n<tr>\n<td width=\"250\"><img loading=\"lazy\" decoding=\"async\" class=\"alignnone size-thumbnail wp-image-1810 aligncenter\" src=\"http:\/\/gesamusic.at\/Wordpress\/wp-content\/uploads\/2021\/02\/204-200x200.jpg\" alt=\"\" width=\"200\" height=\"200\" srcset=\"http:\/\/gesamusic.at\/Wordpress\/wp-content\/uploads\/2021\/02\/204-200x200.jpg 200w, http:\/\/gesamusic.at\/Wordpress\/wp-content\/uploads\/2021\/02\/204.jpg 237w\" sizes=\"(max-width: 200px) 100vw, 200px\" \/><\/p>\n<p style=\"text-align: center;\">CD 40204<\/p>\n<\/td>\n<td>\n<p style=\"text-align: justify;\"><strong>Chorvereinigung Wien Neubau &#8211; Wiener Chor-Men\u00fc <\/strong><strong><br \/>\n<\/strong>AVE MARIA &#8211; KYRIE IN B &#8211; GRADUALE &#8211; O BONE JESU &#8211; VERLEIH UNS FRIEDEN &#8211; DER MOND &#8211; FLIRRT DIE LUFT \u00dcBERM SEE &#8211; ODI ET AMO &#8211; MIT LIEB BIN ICH UMFANGEN &#8211; IN DEN ROSEN &#8211; ERLAUBAE MIR, FEINS M\u00c4DCHEN &#8211; UNTREUE &#8211; EDELWEISS &#8211; LET US BREAK BREAD TOGETHER &#8211; DEEP RIVER &#8211; O DU STILLE ZEIT &#8211; WILL DIE NACHT HERNIEDER SINKEN &#8211; ICH HAB DICH LIEB MEIN WIEN &#8211; LEICHTES BLUT &#8211; AN DER SCH\u00d6NEN BLAUEN DONAU<\/p>\n<\/td>\n<\/tr>\n<\/tbody>\n<\/table>\n<\/div><\/div><div class=\"listing-item\"><div class=\"content\"><table width=\"100%\">\n<tbody>\n<tr>\n<td width=\"250\"><img loading=\"lazy\" decoding=\"async\" class=\"alignnone size-thumbnail wp-image-1843 aligncenter\" src=\"http:\/\/gesamusic.at\/Wordpress\/wp-content\/uploads\/2021\/02\/169-200x200.jpg\" alt=\"\" width=\"200\" height=\"200\" srcset=\"http:\/\/gesamusic.at\/Wordpress\/wp-content\/uploads\/2021\/02\/169-200x200.jpg 200w, http:\/\/gesamusic.at\/Wordpress\/wp-content\/uploads\/2021\/02\/169.jpg 237w\" sizes=\"(max-width: 200px) 100vw, 200px\" \/><\/p>\n<p style=\"text-align: center;\">CD 40169<\/p>\n<\/td>\n<td>\n<p style=\"text-align: justify;\"><strong>Innwendig woarm, Chor aus Reinsberg &#8211; Lieblingslieder<\/strong><strong><br \/>\n<\/strong>DAS IST DEIN TAG &#8211; FROM A DISTANCE &#8211; WE ARE THE WORLD &#8211; WEUST A HERZ HAST WIA A BERGWERK &#8211; LET \u2018S HANG ON &#8211; WEIT, WEIT WEG &#8211; HEAST AS NIT &#8211; Q WILL ALWAYS LOVE YOU &#8211; PERHAPS LOVE &#8211; EIGHT DAYS A WEEK &#8211; ANNIE \u2018S SONG &#8211; THAT \u2018S WHAT FRIENDS ARE FOR &#8211; THE ROSE<\/p>\n<\/td>\n<\/tr>\n<\/tbody>\n<\/table>\n<\/div><\/div><div class=\"listing-item\"><div class=\"content\"><table width=\"100%\">\n<tbody>\n<tr>\n<td width=\"250\"><img decoding=\"async\" class=\"aligncenter\" src=\"http:\/\/gesamusic.at\/Wordpress\/wp-content\/uploads\/97.jpg\" width=\"200\" \/><\/p>\n<p style=\"text-align: center;\">CD 40097<\/p>\n<\/td>\n<td>\n<p style=\"text-align: justify;\"><strong>M\u00e4nnerensemble XYZ &#8211; International<\/strong><strong><br \/>\n<\/strong>PROLOG &#8211; GOOD NEWS &#8211; LONGEST TIME &#8211; DOWN BY THE RIVERSIDE &#8211; GO DOWN MOSES &#8211; HIATZ KIMMB A WUNDERBARE ZEIT &#8211; DER 150. PSALM &#8211; DOBR\u00da NOC &#8211; KOMM, HEIL&#8217;GER GEIST &#8211; GO, TELL IT ON THE MOUNTAIN &#8211; LIEBLING, MEIN HERZ L\u00c4SST DICH GR\u00dcSSEN &#8211; GREENSLEEVES WAR DIE LIEBSTE MEIN &#8211; WAIT &#8218;TIL THE SUN SHINES, NELLIE &#8211; MEIN KLEINER, GR\u00dcNER KAKTUS &#8211; MY EVALINE &#8211; ST\u00c4NDCHEN &#8211; DAMPFNUDL LIED &#8211; BEL AMI &#8211; I&#8216; M SITTING ON TOP OF THE WORLD &#8211; LASS&#8216; MICH DEIN BADEWASSER SCHL\u00dcRFEN &#8211; EPILOG<\/p>\n<\/td>\n<\/tr>\n<\/tbody>\n<\/table>\n<\/div><\/div><div class=\"listing-item\"><div class=\"content\"><table width=\"100%\">\n<tbody>\n<tr>\n<td width=\"250\"><img loading=\"lazy\" decoding=\"async\" class=\"alignnone size-thumbnail wp-image-1937 aligncenter\" src=\"http:\/\/gesamusic.at\/Wordpress\/wp-content\/uploads\/2021\/02\/54-200x200.jpg\" alt=\"\" width=\"200\" height=\"200\" srcset=\"http:\/\/gesamusic.at\/Wordpress\/wp-content\/uploads\/2021\/02\/54-200x200.jpg 200w, http:\/\/gesamusic.at\/Wordpress\/wp-content\/uploads\/2021\/02\/54.jpg 237w\" sizes=\"(max-width: 200px) 100vw, 200px\" \/><\/p>\n<p style=\"text-align: center;\">CD 40054<\/p>\n<\/td>\n<td>\n<p style=\"text-align: justify;\"><strong>M\u00e4nnerensemble XYZ &#8211; Die Erste<\/strong><strong><br \/>\n<\/strong>DE ANIMALS A COMIN&#8216; &#8211; OLD BLACK JOE &#8211; CLIMBIN&#8216; UP DE MOUNTAIN &#8211; JACOB&#8217;S LADDER &#8211; LATEINISCHER HYMNUS &#8211; HERR, DEINE G\u00dcTE REICHT SO WEIT &#8211; VATER UNSER &#8211; AURA LEE &#8211; LI&#8217;L LIZA JANE &#8211; FEIERTAG IN DIXIELAND &#8211; DA GROSSVATA SAT UND DAS ENKALE MAHT &#8211; DU BIST WIA A BRUNN &#8211; KLANVADRAHT, RABMFALSCH &#8211; KIMMST MIT MIR IN MEI STUBN &#8211; DA ANE, DA ANE, NIT I &#8211; LA MIA MAMA &#8211; LA MORETTINA &#8211; AVE MARIA NO MORRO &#8211; FACTORY &#8211; WOCHENEND UND SONNENSCHEIN<\/p>\n<\/td>\n<\/tr>\n<\/tbody>\n<\/table>\n<\/div><\/div><\/div>\n","protected":false},"excerpt":{"rendered":"<p>&nbsp;<\/p>\n","protected":false},"author":3,"featured_media":0,"parent":690,"menu_order":0,"comment_status":"closed","ping_status":"closed","template":"","meta":{"footnotes":""},"_links":{"self":[{"href":"http:\/\/gesamusic.at\/Wordpress\/wp-json\/wp\/v2\/pages\/663"}],"collection":[{"href":"http:\/\/gesamusic.at\/Wordpress\/wp-json\/wp\/v2\/pages"}],"about":[{"href":"http:\/\/gesamusic.at\/Wordpress\/wp-json\/wp\/v2\/types\/page"}],"author":[{"embeddable":true,"href":"http:\/\/gesamusic.at\/Wordpress\/wp-json\/wp\/v2\/users\/3"}],"replies":[{"embeddable":true,"href":"http:\/\/gesamusic.at\/Wordpress\/wp-json\/wp\/v2\/comments?post=663"}],"version-history":[{"count":3,"href":"http:\/\/gesamusic.at\/Wordpress\/wp-json\/wp\/v2\/pages\/663\/revisions"}],"predecessor-version":[{"id":755,"href":"http:\/\/gesamusic.at\/Wordpress\/wp-json\/wp\/v2\/pages\/663\/revisions\/755"}],"up":[{"embeddable":true,"href":"http:\/\/gesamusic.at\/Wordpress\/wp-json\/wp\/v2\/pages\/690"}],"wp:attachment":[{"href":"http:\/\/gesamusic.at\/Wordpress\/wp-json\/wp\/v2\/media?parent=663"}],"curies":[{"name":"wp","href":"https:\/\/api.w.org\/{rel}","templated":true}]}}