{"id":303,"date":"2017-07-21T19:05:05","date_gmt":"2017-07-21T17:05:05","guid":{"rendered":"http:\/\/www.gesamusic.at\/Wordpress\/?page_id=303"},"modified":"2023-04-29T19:47:09","modified_gmt":"2023-04-29T17:47:09","slug":"kontakt","status":"publish","type":"page","link":"http:\/\/gesamusic.at\/Wordpress\/kontakt\/","title":{"rendered":"Kontakt &#038; Impressum"},"content":{"rendered":"<p><strong style=\"line-height: 100%;\">Gesa Musikverlag<\/strong><br \/>\nGertrude Sandhofer<br \/>\nWiesenstra\u00dfe 8<br \/>\nA- 3261 Steinakirchen am Forst<\/p>\n<p>Handy: <a href=\"tel:+436765246499\">+43 (0) 676\/ 524 64 99<br \/>\n<\/a><span style=\"font-size: 1.0625rem;\">Email: <\/span><a style=\"font-size: 1.0625rem;\" href=\"mailto:gesa@gesamusic.at\">gesa@gesamusic.at<\/a><\/p>\n<h4>Datenschutzerkl\u00e4rung<\/h4>\n<h5><strong>Geltungsbereich<\/strong><\/h5>\n<p>Diese Datenschutzerkl\u00e4rung soll die Nutzer dieser Website \u00fcber die Art, den Umfang und den Zweck der Erhebung und Verwendung personenbezogener Daten durch den Websitebetreiber [<strong>Gesa Musikverlag,\u00a0<\/strong>Gertrude Sandhofer,\u00a0Wiesenstra\u00dfe 8,\u00a0A- 3261 Steinakirchen am Forst] informieren. Der Websitebetreiber nimmt Ihren Datenschutz sehr ernst und behandelt Ihre personenbezogenen Daten vertraulich und entsprechend der gesetzlichen Vorschriften. Bedenken Sie, dass die Daten\u00fcbertragung im Internet grunds\u00e4tzlich mit Sicherheitsl\u00fccken bedacht sein kann. Ein vollumf\u00e4nglicher Schutz vor dem Zugriff durch Fremde ist nicht realisierbar.<\/p>\n<h5>Rechte des Nutzers: Auskunft, Berichtigung und L\u00f6schung<\/h5>\n<p>Sie als Nutzer erhalten auf Antrag Ihrerseits kostenlose Auskunft dar\u00fcber, welche personenbezogenen Daten \u00fcber Sie gespeichert wurden. Sofern Ihr Wunsch nicht mit einer gesetzlichen Pflicht zur Aufbewahrung von Daten (z. B. Vorratsdatenspeicherung) kollidiert, haben Sie ein Anrecht auf Berichtigung falscher Daten und auf die Sperrung oder L\u00f6schung Ihrer personenbezogenen Daten.<\/p>\n<h5>Bestellvorgang<\/h5>\n<p>S\u00e4mtliche Daten, welche im Rahmen einer Bestellabwicklung von den Kunden eingegeben<br \/>\nwerden, werden gespeichert. Dazu geh\u00f6ren:<\/p>\n<ul>\n<li>Name, Vorname<\/li>\n<li>Adresse<\/li>\n<li>E-Mail-Adresse<\/li>\n<\/ul>\n<p>Jene Daten, welche zur Auslieferung oder Auftragsabwicklung zwingend notwendig sind,<br \/>\nwerden an dritte Dienstleister weitergegeben. Sowie die Aufbewahrung Ihrer Daten nicht<br \/>\nmehr erforderlich oder gesetzlich geboten ist, werden diese gel\u00f6scht.<\/p>\n<h5>Umgang mit Kontaktdaten<\/h5>\n<p>Nehmen Sie mit dem Websitebetreiber durch die angebotenen Kontaktm\u00f6glichkeiten<br \/>\nVerbindung auf, werden Ihre Angaben gespeichert, damit auf diese zur Bearbeitung und<br \/>\nBeantwortung Ihrer Anfrage zur\u00fcckgegriffen werden kann. Ohne Ihre Einwilligung werden diese Daten nicht an Dritte weitergegeben.<\/p>\n","protected":false},"excerpt":{"rendered":"<p>Gesa Musikverlag Gertrude Sandhofer Wiesenstra\u00dfe 8 A- 3261 Steinakirchen am Forst Handy: +43 (0) 676\/ 524 64 99 Email: gesa@gesamusic.at Datenschutzerkl\u00e4rung Geltungsbereich Diese Datenschutzerkl\u00e4rung soll die Nutzer dieser Website \u00fcber die Art, den Umfang und den Zweck der Erhebung und Verwendung personenbezogener Daten durch den Websitebetreiber [Gesa Musikverlag,\u00a0Gertrude Sandhofer,\u00a0Wiesenstra\u00dfe 8,\u00a0A- 3261 Steinakirchen am Forst] informieren. Der Websitebetreiber nimmt Ihren Datenschutz sehr ernst und behandelt Ihre personenbezogenen Daten vertraulich und entsprechend der gesetzlichen Vorschriften. Bedenken Sie, dass die Daten\u00fcbertragung im Internet grunds\u00e4tzlich mit Sicherheitsl\u00fccken bedacht sein kann. Ein vollumf\u00e4nglicher Schutz vor dem Zugriff durch Fremde ist nicht realisierbar. Rechte des Nutzers: Auskunft, Berichtigung und L\u00f6schung Sie als Nutzer erhalten auf Antrag Ihrerseits kostenlose Auskunft dar\u00fcber, welche personenbezogenen Daten \u00fcber Sie gespeichert wurden. Sofern Ihr Wunsch nicht mit einer gesetzlichen Pflicht zur Aufbewahrung von Daten (z. B. Vorratsdatenspeicherung) kollidiert, haben Sie ein Anrecht auf Berichtigung falscher Daten und auf die Sperrung oder L\u00f6schung Ihrer personenbezogenen Daten. Bestellvorgang S\u00e4mtliche Daten, welche im Rahmen einer Bestellabwicklung von den Kunden eingegeben werden, werden gespeichert. Dazu geh\u00f6ren: Name, Vorname Adresse E-Mail-Adresse Jene Daten, welche zur Auslieferung oder Auftragsabwicklung zwingend notwendig sind, werden an dritte Dienstleister weitergegeben. Sowie die Aufbewahrung Ihrer Daten nicht mehr erforderlich oder gesetzlich geboten ist, werden diese gel\u00f6scht. Umgang mit Kontaktdaten Nehmen Sie mit dem Websitebetreiber durch die angebotenen Kontaktm\u00f6glichkeiten Verbindung auf, werden Ihre Angaben gespeichert, damit auf diese zur Bearbeitung und Beantwortung Ihrer Anfrage zur\u00fcckgegriffen werden kann. Ohne Ihre Einwilligung werden diese Daten nicht an Dritte weitergegeben.<\/p>\n","protected":false},"author":3,"featured_media":0,"parent":0,"menu_order":0,"comment_status":"closed","ping_status":"closed","template":"","meta":{"footnotes":""},"_links":{"self":[{"href":"http:\/\/gesamusic.at\/Wordpress\/wp-json\/wp\/v2\/pages\/303"}],"collection":[{"href":"http:\/\/gesamusic.at\/Wordpress\/wp-json\/wp\/v2\/pages"}],"about":[{"href":"http:\/\/gesamusic.at\/Wordpress\/wp-json\/wp\/v2\/types\/page"}],"author":[{"embeddable":true,"href":"http:\/\/gesamusic.at\/Wordpress\/wp-json\/wp\/v2\/users\/3"}],"replies":[{"embeddable":true,"href":"http:\/\/gesamusic.at\/Wordpress\/wp-json\/wp\/v2\/comments?post=303"}],"version-history":[{"count":6,"href":"http:\/\/gesamusic.at\/Wordpress\/wp-json\/wp\/v2\/pages\/303\/revisions"}],"predecessor-version":[{"id":2382,"href":"http:\/\/gesamusic.at\/Wordpress\/wp-json\/wp\/v2\/pages\/303\/revisions\/2382"}],"wp:attachment":[{"href":"http:\/\/gesamusic.at\/Wordpress\/wp-json\/wp\/v2\/media?parent=303"}],"curies":[{"name":"wp","href":"https:\/\/api.w.org\/{rel}","templated":true}]}}