{"id":290,"date":"2017-07-21T18:49:52","date_gmt":"2017-07-21T16:49:52","guid":{"rendered":"http:\/\/www.gesamusic.at\/Wordpress\/?page_id=290"},"modified":"2017-07-21T19:01:09","modified_gmt":"2017-07-21T17:01:09","slug":"kuenstler","status":"publish","type":"page","link":"http:\/\/gesamusic.at\/Wordpress\/kuenstler\/","title":{"rendered":"K\u00fcnstler"},"content":{"rendered":"<p><strong>Haftungsausschluss:<\/strong><\/p>\n<p>Die Inhalte auf dieser Site sind nach bestem Wissen und Gewissen zusammengestellt worden. Eine Haftung f\u00fcr die Vollst\u00e4ndigkeit, Aktualit\u00e4t und die Richtigkeit der Inhalte wird in keinem Fall \u00fcbernommen. Die Inhalte anderer Sites, auf die diese Site mit Hyperlinks verweist, entziehen sich der Kontrolle und Verantwortlichkeit des Verantwortlichen dieser Site. Wenn Sie diesen Links folgen, dann tun Sie das auf eigene Gefahr.<\/p>\n<p><strong><em>K\u00fcnstler, mit welchen wir bisher erfolgreich zusammenarbeiten durften:<\/em><\/strong><\/p>\n<p>&nbsp;<\/p>\n<table width=\"100%\">\n<tbody>\n<tr>\n<td><strong>K\u00fcnstlername<\/strong><\/td>\n<td><strong>Homepage<\/strong><\/td>\n<\/tr>\n<tr>\n<td>1\/4 Most Bert &amp; Engel<\/td>\n<\/tr>\n<tr>\n<td>Alpenfeuer<\/td>\n<td>\u00a0<a href=\"http:\/\/www.alpenfeuer.at\">www.alpenfeuer.at<\/a><\/td>\n<\/tr>\n<tr>\n<td>Aniada a Noar<\/td>\n<td>\u00a0<a href=\"http:\/\/www.aniada.at\">www.aniada.at<\/a><\/td>\n<\/tr>\n<tr>\n<td>Berger Stubenmusik<\/td>\n<td>\u00a0<a href=\"http:\/\/www.stubenmusik.at\">www.stubenmusik.at<\/a><\/td>\n<\/tr>\n<tr>\n<td>Blaskapelle Blechanen<\/td>\n<td>\u00a0<a href=\"http:\/\/www.blechanen.eu\">www.blechanen.eu<\/a><\/td>\n<\/tr>\n<tr>\n<td>Blaskapelle Machland<\/td>\n<td>\u00a0<a href=\"http:\/\/www.blaskapellemachland.at\">www.blaskapellemachland.at<\/a><\/td>\n<\/tr>\n<tr>\n<td>Blechg&#8217;schroa<\/td>\n<td><strong>www.blechgschroa.at<\/strong><\/td>\n<\/tr>\n<tr>\n<td>Cantores Dei<\/td>\n<\/tr>\n<tr>\n<td>Charly Mo<\/td>\n<td>\u00a0<a href=\"http:\/\/www.charlymo.at\">www.charlymo.at<\/a><\/td>\n<\/tr>\n<tr>\n<td>Chmela Horst &amp; seine Freunde<\/td>\n<td>\u00a0<a href=\"http:\/\/www.chmela.at\">www.chmela.at<\/a><\/td>\n<\/tr>\n<tr>\n<td>Chorvereinigung Wien &#8211; Neubau<\/td>\n<td>\u00a0<a href=\"http:\/\/www.chorneubau.at\">www.chorneubau.at<\/a><\/td>\n<\/tr>\n<tr>\n<td>Das Almtrio mit der singenden Wirtin<\/td>\n<\/tr>\n<tr>\n<td>Deurezbacher Rudi<\/td>\n<\/tr>\n<tr>\n<td>Die Kuschelrocker<\/td>\n<td>\u00a0<a href=\"http:\/\/www.kuschelrocker.at\">www.kuschelrocker.at<\/a><\/td>\n<\/tr>\n<tr>\n<td>Die orig. Stadlmusikanten<\/td>\n<\/tr>\n<tr>\n<td>Die \u00d6tscherb\u00e4ren<\/td>\n<td>\u00a0<a href=\"http:\/\/www.dieoetscherbaeren.at\">www.dieoetscherbaeren.at<\/a><\/td>\n<\/tr>\n<tr>\n<td>Die zwoa Strawanzer<\/td>\n<\/tr>\n<tr>\n<td>Ensemble Alt &#8211; Wien<\/td>\n<\/tr>\n<tr>\n<td>Ensemble Wild<\/td>\n<td>\u00a0<a href=\"http:\/\/www.ensemble-wild.at\">www.ensemble-wild.at<\/a><\/td>\n<\/tr>\n<tr>\n<td>Familienmusik Regenfelder<\/td>\n<td>\u00a0<a href=\"http:\/\/www.familienmusik-regenfelder.net\">www.familienmusik-regenfelder.net<\/a><\/td>\n<\/tr>\n<tr>\n<td>Feelfalt<\/td>\n<td><a href=\"http:\/\/www.feelfalt.at\">\u00a0<\/a><a href=\"http:\/\/feelfalt.at\">feelfalt.at<\/a><\/td>\n<\/tr>\n<tr>\n<td>Federspiel<\/td>\n<td>\u00a0<a href=\"http:\/\/www.feder-spiel.at\">www.feder-spiel.at<\/a><\/td>\n<\/tr>\n<tr>\n<td>Geigenmusi Kiesenhofer<\/td>\n<\/tr>\n<tr>\n<td>Gradinger Fredi &#8211; Koschelu Rudi<\/td>\n<\/tr>\n<tr>\n<td>Gospel Clasic<\/td>\n<\/tr>\n<tr>\n<td>Geschwister Maderthaner<\/td>\n<\/tr>\n<tr>\n<td>H3M<\/td>\n<\/tr>\n<tr>\n<td>Hausmusik Fink<\/td>\n<\/tr>\n<tr>\n<td>Herlinde<\/td>\n<\/tr>\n<tr>\n<td>H\u00f6ller Toni<\/td>\n<\/tr>\n<tr>\n<td>Innviertler Wadlbei\u00dfer<\/td>\n<td>\u00a0<a href=\"http:\/\/www.innviertler-wadlbeisser.at\">www.innviertler-wadlbeisser.at<\/a><\/td>\n<\/tr>\n<tr>\n<td>Inwendig woarm<\/td>\n<td>\u00a0<a href=\"http:\/\/www.inwendigwoarm.at\">www.inwendigwoarm.at<\/a><\/td>\n<\/tr>\n<tr>\n<td>LA Bigband<\/td>\n<td><a href=\"http:\/\/www.labigband.at\">www.labigband.at<\/a><\/td>\n<\/tr>\n<tr>\n<td>Leopold<\/td>\n<\/tr>\n<tr>\n<td>Lichtenstern Soatnmusi<\/td>\n<\/tr>\n<tr>\n<td>Liechtenthaler Quartett &amp; Christl Sch\u00f6bitz<\/td>\n<td>\u00a0<a href=\"http:\/\/www.schoebitz.priv.at\">www.schoebitz.priv.at<\/a><\/td>\n<\/tr>\n<tr>\n<td>Malat Schrammeln<\/td>\n<td>\u00a0<a href=\"http:\/\/www.malat.co.at\">www.malat.co.at<\/a><\/td>\n<\/tr>\n<tr>\n<td>M\u00e4nnerchor Alpenland Mariazell<\/td>\n<\/tr>\n<tr>\n<td>Meesenbaker Carl<\/td>\n<\/tr>\n<tr>\n<td>Mike Dee &amp; David<\/td>\n<td><a href=\"http:\/\/www.mikeunddavid.com\">www.mikeunddavid.com<\/a><\/td>\n<\/tr>\n<tr>\n<td>Milit\u00e4rmusik Nieder\u00f6sterreich<\/td>\n<td>\u00a0<a href=\"http:\/\/www.oesterreichische-militaermusik.com\">www.oesterreichische-militaermusik.com<\/a><\/td>\n<\/tr>\n<tr>\n<td>Mister Evergreen (Zanot Gustav)<\/td>\n<td><a href=\"http:\/\/ www.zanot.at\">www.zanot.at<\/a><\/td>\n<\/tr>\n<tr>\n<td>Mostviertler Birnbeitler<\/td>\n<\/tr>\n<tr>\n<td>Musikkapelle Gaming<\/td>\n<\/tr>\n<tr>\n<td>Musikverein Moorheilbad Harbach<\/td>\n<\/tr>\n<tr>\n<td>Musikverein P\u00f6ggstall<\/td>\n<\/tr>\n<tr>\n<td>Musikverein St. Martin &#8211; Karlsbach<\/td>\n<\/tr>\n<tr>\n<td>Musikverein Zwettl C. M. Ziehrer<\/td>\n<td><a href=\"http:\/\/www.cmz.zwettl.at\">www.cmz.zwettl.at<\/a><\/td>\n<\/tr>\n<tr>\n<td>Neuhauser Ursula<\/td>\n<td>\u00a0<a href=\"http:\/\/www.ursula-neuhauser.at\">www.ursula-neuhauser.at<\/a><\/td>\n<\/tr>\n<tr>\n<td>Neumarkter Weisenbl\u00e4ser<\/td>\n<\/tr>\n<tr>\n<td>Oberer Lukas<\/td>\n<\/tr>\n<tr>\n<td>Orig. Oberkrainer Alfi<\/td>\n<td>\u00a0<a href=\"http:\/\/www.alfinipic.com\">www.alfinipic.com<\/a><\/td>\n<\/tr>\n<tr>\n<td>Original Je\u00dfnitztaler<\/td>\n<\/tr>\n<tr>\n<td>\u00d6sterr. Komponistenbund<\/td>\n<td>\u00a0<a href=\"http:\/\/www.komponistenbund.at\">www.komponistenbund.at<\/a><\/td>\n<\/tr>\n<tr>\n<td>Polizeimusik Nieder\u00f6sterreich<\/td>\n<\/tr>\n<tr>\n<td>Polizeimusik N\u00d6 &#8211; BigBand<\/td>\n<\/tr>\n<tr>\n<td>Pro Solist&#8217;y<\/td>\n<td>\u00a0<a href=\"http:\/\/www.pro-solisty.at\">www.pro-solisty.at<\/a><\/td>\n<\/tr>\n<tr>\n<td>Rainfelder Stritzis<\/td>\n<td>\u00a0<a href=\"http:\/\/www.rainfelder-stritzis.at\">www.rainfelder-stritzis.at<\/a><\/td>\n<\/tr>\n<tr>\n<td>Raphael Roan<\/td>\n<td>\u00a0<a href=\"http:\/\/www.3-klang.at\">www.3-klang.at<\/a><\/td>\n<\/tr>\n<tr>\n<td>Rhomberg S\u00e4nger<\/td>\n<\/tr>\n<tr>\n<td>Roman Martin<\/td>\n<td>\u00a0<a href=\"http:\/\/www.roman-martin.at\">www.roman-martin.at<\/a><\/td>\n<\/tr>\n<tr>\n<td>Salzburger Festtagsmusi<\/td>\n<\/tr>\n<tr>\n<td>Steyrdorfer Saitenklang<\/td>\n<td>\u00a0<a href=\"http:\/\/www.steyrdorfer-saitenklang.at\">www.steyrdorfer-saitenklang.at<\/a><\/td>\n<\/tr>\n<tr>\n<td>Stoahoat &amp; bazwoach<\/td>\n<td>\u00a0<a href=\"http:\/\/www.stoahoat.at\">www.stoahoat.at<\/a><\/td>\n<\/tr>\n<tr>\n<td>Symphonisches Schrammelquintett Wien<\/td>\n<td><a href=\"http:\/\/www.symphonisches-schrammelquintett-wien.at\">www.symphonisches-schrammelquintett-wien.at<\/a><\/td>\n<\/tr>\n<tr>\n<td>Trachtenkapelle Emmersdorf<\/td>\n<\/tr>\n<tr>\n<td>Toni Saupr\u00fcgl &#8211; Bert Mayr<\/td>\n<\/tr>\n<tr>\n<td>Trachtenkapelle Ottenschlag<\/td>\n<\/tr>\n<tr>\n<td>Trio Wien<\/td>\n<\/tr>\n<tr>\n<td>Liechtenthaler Quartett &amp; Christl Sch\u00f6bitz<\/td>\n<\/tr>\n<tr>\n<td>Triovial<\/td>\n<td>\u00a0<a href=\"http:\/\/www.triovial.at\">www.triovial.at<\/a><\/td>\n<\/tr>\n<tr>\n<td>Trio Wien<\/td>\n<td>\u00a0<a href=\"http:\/\/www.triowien.at\">www.triowien.at<\/a><\/td>\n<\/tr>\n<tr>\n<td>Tuppinger G\u00fcnther<\/td>\n<\/tr>\n<tr>\n<td>Viehdorfer Tanzlmusi<\/td>\n<\/tr>\n<tr>\n<td>Vienna Schrammeln<\/td>\n<\/tr>\n<tr>\n<td>Vindobona Zither-Quartett<\/td>\n<\/tr>\n<tr>\n<td>V\u00f6cklamusikanten<\/td>\n<\/tr>\n<tr>\n<td>Vodicka Rudy<\/td>\n<\/tr>\n<tr>\n<td>V\u00f6lker Ingolf<\/td>\n<\/tr>\n<tr>\n<td>Waidhofner Buam mit Gerti &amp; Heidi<\/td>\n<td>\u00a0<a href=\"http:\/\/www.waidhofnerbuam.at\">www.waidhofnerbuam.at<\/a><\/td>\n<\/tr>\n<tr>\n<td>Werksmusikkapelle B\u00f6hlerwerk<\/td>\n<\/tr>\n<tr>\n<td>Wessner Erich &#8211; Zeh Walter<\/td>\n<\/tr>\n<tr>\n<td>Wiener Zitherlehrer Quartett<\/td>\n<td>\u00a0<a href=\"http:\/\/www.zitherlehrerquartett.at\">www.zitherlehrerquartett.at<\/a><\/td>\n<\/tr>\n<tr>\n<td>Windhager Dorfmusikanten<\/td>\n<\/tr>\n<tr>\n<td>Wolfgang der Discobauer<\/td>\n<td>\u00a0<a href=\"http:\/\/www.discobauer.at\">www.discobauer.at<\/a><\/td>\n<\/tr>\n<tr>\n<td>Ybbstaler B\u00f6hmische<\/td>\n<td>\u00a0Tel.: 0660 \/ 813 65 28<\/td>\n<\/tr>\n<tr>\n<td>Zitherklub-Donau-Stadt-Wien<\/td>\n<td>\u00a0<a href=\"http:\/\/www.wiener-zither.at\">www.wiener-zither.at<\/a><\/td>\n<\/tr>\n<\/tbody>\n<\/table>\n<p>&nbsp;<\/p>\n<p>&nbsp;<\/p>\n","protected":false},"excerpt":{"rendered":"<p>Haftungsausschluss: Die Inhalte auf dieser Site sind nach bestem Wissen und Gewissen zusammengestellt worden. Eine Haftung f\u00fcr die Vollst\u00e4ndigkeit, Aktualit\u00e4t und die Richtigkeit der Inhalte wird in keinem Fall \u00fcbernommen. Die Inhalte anderer Sites, auf die diese Site mit Hyperlinks verweist, entziehen sich der Kontrolle und Verantwortlichkeit des Verantwortlichen dieser Site. Wenn Sie diesen Links folgen, dann tun Sie das auf eigene Gefahr. K\u00fcnstler, mit welchen wir bisher erfolgreich zusammenarbeiten durften: &nbsp; K\u00fcnstlername Homepage 1\/4 Most Bert &amp; Engel Alpenfeuer \u00a0www.alpenfeuer.at Aniada a Noar \u00a0www.aniada.at Berger Stubenmusik \u00a0www.stubenmusik.at Blaskapelle Blechanen \u00a0www.blechanen.eu Blaskapelle Machland \u00a0www.blaskapellemachland.at Blechg&#8217;schroa www.blechgschroa.at Cantores Dei Charly Mo \u00a0www.charlymo.at Chmela Horst &amp; seine Freunde \u00a0www.chmela.at Chorvereinigung Wien &#8211; Neubau \u00a0www.chorneubau.at Das Almtrio mit der singenden Wirtin Deurezbacher Rudi Die Kuschelrocker \u00a0www.kuschelrocker.at Die orig. Stadlmusikanten Die \u00d6tscherb\u00e4ren \u00a0www.dieoetscherbaeren.at Die zwoa Strawanzer Ensemble Alt &#8211; Wien Ensemble Wild \u00a0www.ensemble-wild.at Familienmusik Regenfelder \u00a0www.familienmusik-regenfelder.net Feelfalt \u00a0feelfalt.at Federspiel \u00a0www.feder-spiel.at Geigenmusi Kiesenhofer Gradinger Fredi &#8211; Koschelu Rudi Gospel Clasic Geschwister Maderthaner H3M Hausmusik Fink Herlinde H\u00f6ller Toni Innviertler Wadlbei\u00dfer \u00a0www.innviertler-wadlbeisser.at Inwendig woarm \u00a0www.inwendigwoarm.at LA Bigband www.labigband.at Leopold Lichtenstern Soatnmusi Liechtenthaler Quartett &amp; Christl Sch\u00f6bitz \u00a0www.schoebitz.priv.at Malat Schrammeln \u00a0www.malat.co.at M\u00e4nnerchor Alpenland Mariazell Meesenbaker Carl Mike Dee &amp; David www.mikeunddavid.com Milit\u00e4rmusik Nieder\u00f6sterreich \u00a0www.oesterreichische-militaermusik.com Mister Evergreen (Zanot Gustav) www.zanot.at Mostviertler Birnbeitler Musikkapelle Gaming Musikverein Moorheilbad Harbach Musikverein P\u00f6ggstall Musikverein St. Martin &#8211; Karlsbach Musikverein Zwettl C. M. Ziehrer www.cmz.zwettl.at Neuhauser Ursula \u00a0www.ursula-neuhauser.at Neumarkter Weisenbl\u00e4ser Oberer Lukas Orig. Oberkrainer Alfi \u00a0www.alfinipic.com Original Je\u00dfnitztaler \u00d6sterr. Komponistenbund \u00a0www.komponistenbund.at Polizeimusik Nieder\u00f6sterreich Polizeimusik N\u00d6 &#8211; BigBand Pro Solist&#8217;y \u00a0www.pro-solisty.at Rainfelder Stritzis \u00a0www.rainfelder-stritzis.at Raphael Roan \u00a0www.3-klang.at Rhomberg S\u00e4nger Roman Martin \u00a0www.roman-martin.at Salzburger Festtagsmusi Steyrdorfer Saitenklang \u00a0www.steyrdorfer-saitenklang.at Stoahoat &amp; bazwoach \u00a0www.stoahoat.at Symphonisches Schrammelquintett Wien www.symphonisches-schrammelquintett-wien.at Trachtenkapelle Emmersdorf Toni Saupr\u00fcgl &#8211; Bert Mayr Trachtenkapelle Ottenschlag Trio Wien Liechtenthaler Quartett &amp; Christl Sch\u00f6bitz Triovial \u00a0www.triovial.at Trio Wien \u00a0www.triowien.at Tuppinger G\u00fcnther Viehdorfer Tanzlmusi Vienna Schrammeln Vindobona Zither-Quartett V\u00f6cklamusikanten Vodicka Rudy V\u00f6lker Ingolf Waidhofner Buam mit Gerti &amp; Heidi \u00a0www.waidhofnerbuam.at Werksmusikkapelle B\u00f6hlerwerk Wessner Erich &#8211; Zeh Walter Wiener Zitherlehrer Quartett \u00a0www.zitherlehrerquartett.at Windhager Dorfmusikanten Wolfgang der Discobauer \u00a0www.discobauer.at Ybbstaler B\u00f6hmische \u00a0Tel.: 0660 \/ 813 65 28 Zitherklub-Donau-Stadt-Wien \u00a0www.wiener-zither.at &nbsp; &nbsp;<\/p>\n","protected":false},"author":3,"featured_media":0,"parent":0,"menu_order":0,"comment_status":"closed","ping_status":"closed","template":"","meta":{"footnotes":""},"_links":{"self":[{"href":"http:\/\/gesamusic.at\/Wordpress\/wp-json\/wp\/v2\/pages\/290"}],"collection":[{"href":"http:\/\/gesamusic.at\/Wordpress\/wp-json\/wp\/v2\/pages"}],"about":[{"href":"http:\/\/gesamusic.at\/Wordpress\/wp-json\/wp\/v2\/types\/page"}],"author":[{"embeddable":true,"href":"http:\/\/gesamusic.at\/Wordpress\/wp-json\/wp\/v2\/users\/3"}],"replies":[{"embeddable":true,"href":"http:\/\/gesamusic.at\/Wordpress\/wp-json\/wp\/v2\/comments?post=290"}],"version-history":[{"count":3,"href":"http:\/\/gesamusic.at\/Wordpress\/wp-json\/wp\/v2\/pages\/290\/revisions"}],"predecessor-version":[{"id":295,"href":"http:\/\/gesamusic.at\/Wordpress\/wp-json\/wp\/v2\/pages\/290\/revisions\/295"}],"wp:attachment":[{"href":"http:\/\/gesamusic.at\/Wordpress\/wp-json\/wp\/v2\/media?parent=290"}],"curies":[{"name":"wp","href":"https:\/\/api.w.org\/{rel}","templated":true}]}}